{"id":104,"date":"2020-05-05T01:28:41","date_gmt":"2020-05-05T01:28:41","guid":{"rendered":"https:\/\/crtrrj.gov.br\/transparencia\/2020\/?page_id=104"},"modified":"2025-11-16T23:30:31","modified_gmt":"2025-11-16T23:30:31","slug":"ata-de-reunioes","status":"publish","type":"page","link":"https:\/\/crtrrj.gov.br\/transparencia\/institucional\/ata-de-reunioes\/","title":{"rendered":"ATA DE REUNI\u00d5ES"},"content":{"rendered":"\t\t<div data-elementor-type=\"wp-page\" data-elementor-id=\"104\" class=\"elementor elementor-104\">\n\t\t\t\t\t\t<div class=\"elementor-inner\">\n\t\t\t\t<div class=\"elementor-section-wrap\">\n\t\t\t\t\t\t\t\t\t<section class=\"elementor-section elementor-top-section elementor-element elementor-element-a2615b6 elementor-section-height-min-height elementor-section-boxed elementor-section-height-default elementor-section-items-middle\" data-id=\"a2615b6\" data-element_type=\"section\" data-settings=\"{&quot;background_background&quot;:&quot;classic&quot;}\">\n\t\t\t\t\t\t<div class=\"elementor-container elementor-column-gap-default\">\n\t\t\t\t\t\t\t<div class=\"elementor-row\">\n\t\t\t\t\t<div class=\"elementor-column elementor-col-100 elementor-top-column elementor-element elementor-element-2702f449\" data-id=\"2702f449\" data-element_type=\"column\">\n\t\t\t<div class=\"elementor-column-wrap elementor-element-populated\">\n\t\t\t\t\t\t\t<div class=\"elementor-widget-wrap\">\n\t\t\t\t\t\t<div class=\"elementor-element elementor-element-608dc761 elementor-widget elementor-widget-heading\" data-id=\"608dc761\" data-element_type=\"widget\" data-widget_type=\"heading.default\">\n\t\t\t\t<div class=\"elementor-widget-container\">\n\t\t\t<h2 class=\"elementor-heading-title elementor-size-default\">ATAS DE REUNI\u00d5ES<\/h2>\t\t<\/div>\n\t\t\t\t<\/div>\n\t\t\t\t\t\t<\/div>\n\t\t\t\t\t<\/div>\n\t\t<\/div>\n\t\t\t\t\t\t\t\t<\/div>\n\t\t\t\t\t<\/div>\n\t\t<\/section>\n\t\t\t\t<section class=\"elementor-section elementor-top-section elementor-element elementor-element-605d7de elementor-section-boxed elementor-section-height-default elementor-section-height-default\" data-id=\"605d7de\" data-element_type=\"section\">\n\t\t\t\t\t\t<div class=\"elementor-container elementor-column-gap-default\">\n\t\t\t\t\t\t\t<div class=\"elementor-row\">\n\t\t\t\t\t<div class=\"elementor-column elementor-col-100 elementor-top-column elementor-element elementor-element-4f69b36\" data-id=\"4f69b36\" data-element_type=\"column\">\n\t\t\t<div class=\"elementor-column-wrap elementor-element-populated\">\n\t\t\t\t\t\t\t<div class=\"elementor-widget-wrap\">\n\t\t\t\t\t\t<div class=\"elementor-element elementor-element-ad2f290 elementor-widget elementor-widget-toggle\" data-id=\"ad2f290\" data-element_type=\"widget\" data-widget_type=\"toggle.default\">\n\t\t\t\t<div class=\"elementor-widget-container\">\n\t\t\t\t\t<div class=\"elementor-toggle\" role=\"tablist\">\n\t\t\t\t\t\t\t<div class=\"elementor-toggle-item\">\n\t\t\t\t\t<div id=\"elementor-tab-title-1811\" class=\"elementor-tab-title\" data-tab=\"1\" role=\"tab\" aria-controls=\"elementor-tab-content-1811\" aria-expanded=\"false\">\n\t\t\t\t\t\t\t\t\t\t\t\t<span class=\"elementor-toggle-icon elementor-toggle-icon-left\" aria-hidden=\"true\">\n\t\t\t\t\t\t\t\t\t\t\t\t\t\t\t<span class=\"elementor-toggle-icon-closed\"><i class=\"fas fa-caret-right\"><\/i><\/span>\n\t\t\t\t\t\t\t\t<span class=\"elementor-toggle-icon-opened\"><i class=\"elementor-toggle-icon-opened fas fa-caret-up\"><\/i><\/span>\n\t\t\t\t\t\t\t\t\t\t\t\t\t<\/span>\n\t\t\t\t\t\t\t\t\t\t\t\t<a href=\"\" class=\"elementor-toggle-title\">Atas Plen\u00e1rias -  Ordin\u00e1ria e Extraordin\u00e1ria  - 2025<\/a>\n\t\t\t\t\t<\/div>\n\n\t\t\t\t\t<div id=\"elementor-tab-content-1811\" class=\"elementor-tab-content elementor-clearfix\" data-tab=\"1\" role=\"tabpanel\" aria-labelledby=\"elementor-tab-title-1811\"><p><a href=\"https:\/\/crtrrj.gov.br\/transparencia\/wp-content\/uploads\/2025\/06\/Ata-Plenaria-Extraordinaria-de-28-de-janeiro-de-2025.pdf\">Ata Plen\u00e1ria Extraordin\u00e1ria de 28 de janeiro de 2025<\/a><\/p><p><a href=\"https:\/\/crtrrj.gov.br\/transparencia\/wp-content\/uploads\/2025\/06\/ATA-25-FEV-2025-1a-SESSAO.pdf\">ATA 25 FEV 2025 &#8211; 1\u00aa SESS\u00c3O<\/a><\/p><p><a href=\"https:\/\/crtrrj.gov.br\/transparencia\/wp-content\/uploads\/2025\/06\/ATA-25-FEV-2025-2a-SESSAO.pdf\">ATA 25 FEV 2025 &#8211; 2\u00aa SESS\u00c3O<\/a><\/p><p><a href=\"https:\/\/crtrrj.gov.br\/transparencia\/wp-content\/uploads\/2025\/06\/ATA-25-FEV-2025-3a-SESSAO.pdf\">ATA 25 FEV 2025 &#8211; 3\u00aa SESS\u00c3O<\/a><\/p><p><a href=\"https:\/\/crtrrj.gov.br\/transparencia\/wp-content\/uploads\/2025\/06\/ATA-25-FEV-2025-4a-SESSAO.pdf\">ATA 25 FEV 2025 &#8211; 4\u00aa SESS\u00c3O<\/a><\/p><p><a href=\"https:\/\/crtrrj.gov.br\/transparencia\/wp-content\/uploads\/2025\/06\/ATA-25-FEV-2025-12a-SESSAO.pdf\">ATA 25 FEV 2025 &#8211; 12\u00aa SESS\u00c3O<\/a><\/p><p><a href=\"https:\/\/crtrrj.gov.br\/transparencia\/wp-content\/uploads\/2025\/06\/ATA-25-FEV-2025-14a-SESSAO.pdf\">ATA 25 FEV 2025 &#8211; 14\u00aa SESS\u00c3O<\/a><\/p><p><a href=\"https:\/\/crtrrj.gov.br\/transparencia\/wp-content\/uploads\/2025\/06\/ATA-08-ABR-2025-1a-SESSAO.pdf\">ATA 08 ABR 2025 &#8211; 1\u00aa SESS\u00c3O<\/a><\/p><p><a href=\"https:\/\/crtrrj.gov.br\/transparencia\/wp-content\/uploads\/2025\/06\/ATA-08-ABR-2025-2a-SESSAO.pdf\">ATA 08 ABR 2025 &#8211; 2\u00aa SESS\u00c3O<\/a><\/p><p><a href=\"https:\/\/crtrrj.gov.br\/transparencia\/wp-content\/uploads\/2025\/06\/ATA-08-ABR-2025-3a-SESSAO-.pdf\">ATA 08 ABR 2025 &#8211; 3\u00aa SESS\u00c3O<\/a><\/p><p><a href=\"https:\/\/crtrrj.gov.br\/transparencia\/wp-content\/uploads\/2025\/06\/ATA-08-ABR-2025-5a-SESSAO-.pdf\">ATA 08 ABR 2025 &#8211; 5\u00aa SESS\u00c3O<\/a><\/p><p><a href=\"https:\/\/crtrrj.gov.br\/transparencia\/wp-content\/uploads\/2025\/08\/ATA-12-JUL-2025-1o-SESSAO.pdf\">ATA 12 JUL 2025 &#8211; 1\u00ba SESS\u00c3O<\/a><\/p><p><a href=\"https:\/\/crtrrj.gov.br\/transparencia\/wp-content\/uploads\/2025\/08\/ATA-12-JUL-2025-2a-SESSAO.pdf\">ATA 12 JUL 2025 &#8211; 2\u00aa SESS\u00c3O<\/a><\/p><p><a href=\"https:\/\/crtrrj.gov.br\/transparencia\/wp-content\/uploads\/2025\/08\/ATA-12-JUL-2025-3a-SESSAO.pdf\">ATA 12 JUL 2025 &#8211; 3\u00aa SESS\u00c3O<\/a><\/p><p><a href=\"https:\/\/crtrrj.gov.br\/transparencia\/wp-content\/uploads\/2025\/08\/ATA-12-JUL-2025-4a-SESSAO.pdf\">ATA 12 JUL 2025 &#8211; 4\u00aa SESS\u00c3O<\/a><\/p><p><a href=\"https:\/\/crtrrj.gov.br\/transparencia\/wp-content\/uploads\/2025\/08\/ATA-12-JUL-2025-12a-SESSAO.pdf\">ATA 12 JUL 2025 &#8211; 12\u00aa SESS\u00c3O<\/a><\/p><p><a href=\"https:\/\/crtrrj.gov.br\/transparencia\/wp-content\/uploads\/2025\/08\/ATA-12-JUL-2025-13a-SESSAO.pdf\">ATA 12 JUL 2025 &#8211; 13\u00aa SESS\u00c3O<\/a><\/p><p><a href=\"https:\/\/crtrrj.gov.br\/transparencia\/wp-content\/uploads\/2025\/11\/ATA-18-OUT-2025-1a-SESSAO.pdf\">ATA 18 OUT 2025 &#8211; 1\u00aa SESS\u00c3O<\/a><\/p><p><a href=\"https:\/\/crtrrj.gov.br\/transparencia\/wp-content\/uploads\/2025\/11\/ATA-18-OUT-2025-2a-SESSAO-.pdf\">ATA 18 OUT 2025 &#8211; 2\u00aa SESS\u00c3O<\/a><\/p><p><a href=\"https:\/\/crtrrj.gov.br\/transparencia\/wp-content\/uploads\/2025\/11\/ATA-18-OUT-2025-3a-SESSAO-.pdf\">ATA 18 OUT 2025 &#8211; 3\u00aa SESS\u00c3O<\/a><\/p><p><a href=\"https:\/\/crtrrj.gov.br\/transparencia\/wp-content\/uploads\/2025\/11\/ATA-18-OUT-2025-4a-SESSAO-.pdf\">ATA 18 OUT 2025 &#8211; 4\u00aa SESS\u00c3O<\/a><\/p><p><a href=\"https:\/\/crtrrj.gov.br\/transparencia\/wp-content\/uploads\/2025\/11\/ATA-18-OUT-2025-16a-SESSAO.pdf\">ATA 18 OUT 2025 &#8211; 16\u00aa SESS\u00c3O<\/a><\/p><p><a href=\"https:\/\/crtrrj.gov.br\/transparencia\/wp-content\/uploads\/2025\/11\/ATA-18-OUT-2025-17a-SESSAO.pdf\">ATA 18 OUT 2025 &#8211; 17\u00aa SESS\u00c3O<\/a><\/p><p><a href=\"https:\/\/crtrrj.gov.br\/transparencia\/wp-content\/uploads\/2025\/11\/ATA-18-OUT-2025-18a-SESSAO-.pdf\">ATA 18 OUT 2025 &#8211; 18\u00aa SESS\u00c3O<\/a><\/p><p><a href=\"https:\/\/crtrrj.gov.br\/transparencia\/wp-content\/uploads\/2025\/11\/ATA-18-OUT-2025-19a-SESSAO-.pdf\">ATA 18 OUT 2025 &#8211; 19\u00aa SESS\u00c3O<\/a><\/p><\/div>\n\t\t\t\t<\/div>\n\t\t\t\t\t\t\t<div class=\"elementor-toggle-item\">\n\t\t\t\t\t<div id=\"elementor-tab-title-1812\" class=\"elementor-tab-title\" data-tab=\"2\" role=\"tab\" aria-controls=\"elementor-tab-content-1812\" aria-expanded=\"false\">\n\t\t\t\t\t\t\t\t\t\t\t\t<span class=\"elementor-toggle-icon elementor-toggle-icon-left\" aria-hidden=\"true\">\n\t\t\t\t\t\t\t\t\t\t\t\t\t\t\t<span class=\"elementor-toggle-icon-closed\"><i class=\"fas fa-caret-right\"><\/i><\/span>\n\t\t\t\t\t\t\t\t<span class=\"elementor-toggle-icon-opened\"><i class=\"elementor-toggle-icon-opened fas fa-caret-up\"><\/i><\/span>\n\t\t\t\t\t\t\t\t\t\t\t\t\t<\/span>\n\t\t\t\t\t\t\t\t\t\t\t\t<a href=\"\" class=\"elementor-toggle-title\">Atas Plen\u00e1rias -  Ordin\u00e1ria e Extraordin\u00e1ria  - 2024\u200b<\/a>\n\t\t\t\t\t<\/div>\n\n\t\t\t\t\t<div id=\"elementor-tab-content-1812\" class=\"elementor-tab-content elementor-clearfix\" data-tab=\"2\" role=\"tabpanel\" aria-labelledby=\"elementor-tab-title-1812\"><p><a href=\"https:\/\/crtrrj.gov.br\/transparencia\/wp-content\/uploads\/2024\/12\/Ata-Plenaria-Extraordinaria-de-12-de-janeiro-2024.pdf\">Ata Plen\u00e1ria Extraordin\u00e1ria de 12 de janeiro 2024<\/a><\/p><p><a href=\"https:\/\/crtrrj.gov.br\/transparencia\/wp-content\/uploads\/2024\/12\/Ata-Plenaria-Extraordinaria-de-28-de-fevereiro-de-2024.pdf\">Ata Plen\u00e1ria Extraordin\u00e1ria de 28 de fevereiro de 2024<\/a><\/p><p><a href=\"https:\/\/crtrrj.gov.br\/transparencia\/wp-content\/uploads\/2024\/12\/Ata-Plenaria-Extraordinaria-de-26-de-marco-de-2024.pdf\">Ata Plen\u00e1ria Extraordin\u00e1ria de 26 de mar\u00e7o de 2024<\/a><\/p><p><a href=\"https:\/\/crtrrj.gov.br\/transparencia\/wp-content\/uploads\/2024\/12\/Ata-Plenaria-Extrordinaria-de-24-de-abril-de-2024.pdf\">Ata Plen\u00e1ria Extrordin\u00e1ria de 24 de abril de 2024<\/a><\/p><p><a href=\"https:\/\/crtrrj.gov.br\/transparencia\/wp-content\/uploads\/2024\/12\/Ata-Plenaria-Extrordinaria-de-30-de-agosto-de-2024.pdf\">Ata Plen\u00e1ria Extrordin\u00e1ria de 30 de agosto de 2024<\/a><\/p><\/div>\n\t\t\t\t<\/div>\n\t\t\t\t\t\t\t\t<\/div>\n\t\t\t\t<\/div>\n\t\t\t\t<\/div>\n\t\t\t\t\t\t<\/div>\n\t\t\t\t\t<\/div>\n\t\t<\/div>\n\t\t\t\t\t\t\t\t<\/div>\n\t\t\t\t\t<\/div>\n\t\t<\/section>\n\t\t\t\t<section class=\"elementor-section elementor-top-section elementor-element elementor-element-802e8b1 elementor-section-boxed elementor-section-height-default elementor-section-height-default\" data-id=\"802e8b1\" data-element_type=\"section\">\n\t\t\t\t\t\t<div class=\"elementor-container elementor-column-gap-default\">\n\t\t\t\t\t\t\t<div class=\"elementor-row\">\n\t\t\t\t\t<div class=\"elementor-column elementor-col-100 elementor-top-column elementor-element elementor-element-31882f3\" data-id=\"31882f3\" data-element_type=\"column\">\n\t\t\t<div class=\"elementor-column-wrap elementor-element-populated\">\n\t\t\t\t\t\t\t<div class=\"elementor-widget-wrap\">\n\t\t\t\t\t\t<div class=\"elementor-element elementor-element-f858523 elementor-widget-divider--view-line elementor-widget elementor-widget-divider\" data-id=\"f858523\" data-element_type=\"widget\" data-widget_type=\"divider.default\">\n\t\t\t\t<div class=\"elementor-widget-container\">\n\t\t\t\t\t<div class=\"elementor-divider\">\n\t\t\t<span class=\"elementor-divider-separator\">\n\t\t\t\t\t\t<\/span>\n\t\t<\/div>\n\t\t\t\t<\/div>\n\t\t\t\t<\/div>\n\t\t\t\t<div class=\"elementor-element elementor-element-fdd807a elementor-widget elementor-widget-global elementor-global-12356 elementor-widget-elementskit-page-list\" data-id=\"fdd807a\" data-element_type=\"widget\" data-widget_type=\"elementskit-page-list.default\">\n\t\t\t\t<div class=\"elementor-widget-container\">\n\t\t\t<div class=\"ekit-wid-con\" >\t\t<div class=\"elementor-icon-list-items \">\n\t\t\t\t\t\t\t<div class=\"elementor-icon-list-item   \" >\n\t\t\t\t\t<a  target=_self rel=\"\"  href=\"https:\/\/crtrrj.gov.br\/transparencia\/institucional\/ata-de-reunioes\/atas-plenarias-ordinarias-e-extraordinarias-2023\/\" class=\"elementor-repeater-item-b8ee18f ekit_badge_left\">\n\t\t\t\t\t\t<div class=\"ekit_page_list_content\">\n\t\t\t\t\t\t\t\t\t\t\t\t\t\t<span class=\"elementor-icon-list-text\">\n\t\t\t\t\t\t\t\t<span class=\"ekit_page_list_title_title\">Atas Plen\u00e1rias \u2013 Ordin\u00e1rias e Extraordin\u00e1rias \u2013 2023<\/span>\n\t\t\t\t\t\t\t\t\t\t\t\t\t\t\t<\/span>\n\t\t\t\t\t\t<\/div>\n\t\t\t\t\t\t\t\t\t\t\t<\/a>\n\t\t\t\t<\/div>\n\t\t\t\t\t\t\t\t<div class=\"elementor-icon-list-item   \" >\n\t\t\t\t\t<a  target=_self rel=\"\"  href=\"https:\/\/crtrrj.gov.br\/transparencia\/institucional\/ata-de-reunioes\/atas-plenarias-ordinarias-e-extraordinarias-2022\/\" class=\"elementor-repeater-item-40769ff ekit_badge_left\">\n\t\t\t\t\t\t<div class=\"ekit_page_list_content\">\n\t\t\t\t\t\t\t\t\t\t\t\t\t\t<span class=\"elementor-icon-list-text\">\n\t\t\t\t\t\t\t\t<span class=\"ekit_page_list_title_title\">Atas Plen\u00e1rias \u2013 Ordin\u00e1rias e Extraordin\u00e1rias \u2013 2022<\/span>\n\t\t\t\t\t\t\t\t\t\t\t\t\t\t\t<\/span>\n\t\t\t\t\t\t<\/div>\n\t\t\t\t\t\t\t\t\t\t\t<\/a>\n\t\t\t\t<\/div>\n\t\t\t\t\t\t\t\t<div class=\"elementor-icon-list-item   \" >\n\t\t\t\t\t<a  target=_self rel=\"\"  href=\"https:\/\/crtrrj.gov.br\/transparencia\/institucional\/ata-de-reunioes\/atas-plenarias-ordinarias-e-extraordinarias-2021\/\" class=\"elementor-repeater-item-6a6f687 ekit_badge_left\">\n\t\t\t\t\t\t<div class=\"ekit_page_list_content\">\n\t\t\t\t\t\t\t\t\t\t\t\t\t\t<span class=\"elementor-icon-list-text\">\n\t\t\t\t\t\t\t\t<span class=\"ekit_page_list_title_title\">Atas Plen\u00e1rias \u2013 Ordin\u00e1rias e Extraordin\u00e1rias \u2013 2021<\/span>\n\t\t\t\t\t\t\t\t\t\t\t\t\t\t\t<\/span>\n\t\t\t\t\t\t<\/div>\n\t\t\t\t\t\t\t\t\t\t\t<\/a>\n\t\t\t\t<\/div>\n\t\t\t\t\t\t\t\t<div class=\"elementor-icon-list-item   \" >\n\t\t\t\t\t<a  target=_self rel=\"\"  href=\"https:\/\/crtrrj.gov.br\/transparencia\/institucional\/ata-de-reunioes\/2020-2\/\" class=\"elementor-repeater-item-30a4cfe ekit_badge_left\">\n\t\t\t\t\t\t<div class=\"ekit_page_list_content\">\n\t\t\t\t\t\t\t\t\t\t\t\t\t\t<span class=\"elementor-icon-list-text\">\n\t\t\t\t\t\t\t\t<span class=\"ekit_page_list_title_title\">Atas Plen\u00e1rias-Ordin\u00e1rias e Extraordin\u00e1rias-2020<\/span>\n\t\t\t\t\t\t\t\t\t\t\t\t\t\t\t<\/span>\n\t\t\t\t\t\t<\/div>\n\t\t\t\t\t\t\t\t\t\t\t<\/a>\n\t\t\t\t<\/div>\n\t\t\t\t\t\t\t\t<div class=\"elementor-icon-list-item   \" >\n\t\t\t\t\t<a  target=_self rel=\"\"  href=\"https:\/\/crtrrj.gov.br\/transparencia\/institucional\/ata-de-reunioes\/atas-plenarias-ordinarias-e-extraordinarias-2019\/\" class=\"elementor-repeater-item-ca6b8b4 ekit_badge_left\">\n\t\t\t\t\t\t<div class=\"ekit_page_list_content\">\n\t\t\t\t\t\t\t\t\t\t\t\t\t\t<span class=\"elementor-icon-list-text\">\n\t\t\t\t\t\t\t\t<span class=\"ekit_page_list_title_title\">Atas Plen\u00e1rias \u2013 Ordin\u00e1rias e Extraordin\u00e1rias \u2013 2019<\/span>\n\t\t\t\t\t\t\t\t\t\t\t\t\t\t\t<\/span>\n\t\t\t\t\t\t<\/div>\n\t\t\t\t\t\t\t\t\t\t\t<\/a>\n\t\t\t\t<\/div>\n\t\t\t\t\t\t\t\t<div class=\"elementor-icon-list-item   \" >\n\t\t\t\t\t<a  target=_self rel=\"\"  href=\"https:\/\/crtrrj.gov.br\/transparencia\/institucional\/ata-de-reunioes\/atas-plenarias-ordinarias-e-extraordinarias-2018\/\" class=\"elementor-repeater-item-8f79d43 ekit_badge_left\">\n\t\t\t\t\t\t<div class=\"ekit_page_list_content\">\n\t\t\t\t\t\t\t\t\t\t\t\t\t\t<span class=\"elementor-icon-list-text\">\n\t\t\t\t\t\t\t\t<span class=\"ekit_page_list_title_title\">Atas Plen\u00e1rias \u2013 Ordin\u00e1rias e Extraordin\u00e1rias \u2013 2018<\/span>\n\t\t\t\t\t\t\t\t\t\t\t\t\t\t\t<\/span>\n\t\t\t\t\t\t<\/div>\n\t\t\t\t\t\t\t\t\t\t\t<\/a>\n\t\t\t\t<\/div>\n\t\t\t\t\t\t\t\t<div class=\"elementor-icon-list-item   \" >\n\t\t\t\t\t<a  target=_self rel=\"\"  href=\"https:\/\/crtrrj.gov.br\/transparencia\/institucional\/ata-de-reunioes\/atas-plenarias-ordinarias-e-extraordinarias-2017\/\" class=\"elementor-repeater-item-0ac9f79 ekit_badge_left\">\n\t\t\t\t\t\t<div class=\"ekit_page_list_content\">\n\t\t\t\t\t\t\t\t\t\t\t\t\t\t<span class=\"elementor-icon-list-text\">\n\t\t\t\t\t\t\t\t<span class=\"ekit_page_list_title_title\">Atas Plen\u00e1rias \u2013 Ordin\u00e1rias e Extraordin\u00e1rias \u2013 2017<\/span>\n\t\t\t\t\t\t\t\t\t\t\t\t\t\t\t<\/span>\n\t\t\t\t\t\t<\/div>\n\t\t\t\t\t\t\t\t\t\t\t<\/a>\n\t\t\t\t<\/div>\n\t\t\t\t\t\t\t\t<div class=\"elementor-icon-list-item   \" >\n\t\t\t\t\t<a  target=_self rel=\"\"  href=\"https:\/\/crtrrj.gov.br\/transparencia\/institucional\/ata-de-reunioes\/atas-plenarias-ordinarias-e-extraordinarias-2016\/\" class=\"elementor-repeater-item-0543bcd ekit_badge_left\">\n\t\t\t\t\t\t<div class=\"ekit_page_list_content\">\n\t\t\t\t\t\t\t\t\t\t\t\t\t\t<span class=\"elementor-icon-list-text\">\n\t\t\t\t\t\t\t\t<span class=\"ekit_page_list_title_title\">Atas Plen\u00e1rias \u2013 Ordin\u00e1rias e Extraordin\u00e1rias \u2013 2016<\/span>\n\t\t\t\t\t\t\t\t\t\t\t\t\t\t\t<\/span>\n\t\t\t\t\t\t<\/div>\n\t\t\t\t\t\t\t\t\t\t\t<\/a>\n\t\t\t\t<\/div>\n\t\t\t\t\t\t<\/div>\n\t\t<\/div>\t\t<\/div>\n\t\t\t\t<\/div>\n\t\t\t\t\t\t<\/div>\n\t\t\t\t\t<\/div>\n\t\t<\/div>\n\t\t\t\t\t\t\t\t<\/div>\n\t\t\t\t\t<\/div>\n\t\t<\/section>\n\t\t\t\t\t\t\t\t\t<\/div>\n\t\t\t<\/div>\n\t\t\t\t\t<\/div>\n\t\t","protected":false},"excerpt":{"rendered":"<p>ATAS DE REUNI\u00d5ES Atas Plen\u00e1rias &#8211; Ordin\u00e1ria e Extraordin\u00e1ria &#8211; 2025 Ata Plen\u00e1ria Extraordin\u00e1ria de 28 de janeiro de 2025 ATA 25 FEV 2025 &#8211; 1\u00aa SESS\u00c3O ATA 25 FEV 2025 &#8211; 2\u00aa SESS\u00c3O ATA 25 FEV 2025 &#8211; 3\u00aa SESS\u00c3O ATA 25 FEV 2025 &#8211; 4\u00aa SESS\u00c3O ATA 25 FEV 2025 &#8211; 12\u00aa SESS\u00c3O [&hellip;]<\/p>\n","protected":false},"author":1,"featured_media":0,"parent":56,"menu_order":0,"comment_status":"closed","ping_status":"closed","template":"","meta":{"footnotes":""},"class_list":["post-104","page","type-page","status-publish","hentry"],"acf":[],"_links":{"self":[{"href":"https:\/\/crtrrj.gov.br\/transparencia\/wp-json\/wp\/v2\/pages\/104","targetHints":{"allow":["GET"]}}],"collection":[{"href":"https:\/\/crtrrj.gov.br\/transparencia\/wp-json\/wp\/v2\/pages"}],"about":[{"href":"https:\/\/crtrrj.gov.br\/transparencia\/wp-json\/wp\/v2\/types\/page"}],"author":[{"embeddable":true,"href":"https:\/\/crtrrj.gov.br\/transparencia\/wp-json\/wp\/v2\/users\/1"}],"replies":[{"embeddable":true,"href":"https:\/\/crtrrj.gov.br\/transparencia\/wp-json\/wp\/v2\/comments?post=104"}],"version-history":[{"count":205,"href":"https:\/\/crtrrj.gov.br\/transparencia\/wp-json\/wp\/v2\/pages\/104\/revisions"}],"predecessor-version":[{"id":48863,"href":"https:\/\/crtrrj.gov.br\/transparencia\/wp-json\/wp\/v2\/pages\/104\/revisions\/48863"}],"up":[{"embeddable":true,"href":"https:\/\/crtrrj.gov.br\/transparencia\/wp-json\/wp\/v2\/pages\/56"}],"wp:attachment":[{"href":"https:\/\/crtrrj.gov.br\/transparencia\/wp-json\/wp\/v2\/media?parent=104"}],"curies":[{"name":"wp","href":"https:\/\/api.w.org\/{rel}","templated":true}]}}