{"id":13306,"date":"2021-01-14T20:44:32","date_gmt":"2021-01-14T20:44:32","guid":{"rendered":"https:\/\/crtrrj.gov.br\/transparencia\/?page_id=13306"},"modified":"2021-01-14T20:48:23","modified_gmt":"2021-01-14T20:48:23","slug":"previsao-orcamentaria-2018","status":"publish","type":"page","link":"https:\/\/crtrrj.gov.br\/transparencia\/planejamento\/planejamento-previsao-orcamentaria\/previsao-orcamentaria-2018\/","title":{"rendered":"Previs\u00e3o Or\u00e7ament\u00e1ria-2018"},"content":{"rendered":"\t\t<div data-elementor-type=\"wp-page\" data-elementor-id=\"13306\" class=\"elementor elementor-13306\">\n\t\t\t\t\t\t<div class=\"elementor-inner\">\n\t\t\t\t<div class=\"elementor-section-wrap\">\n\t\t\t\t\t\t\t\t\t<section class=\"elementor-section elementor-top-section elementor-element elementor-element-78ef80de elementor-section-height-min-height elementor-section-boxed elementor-section-height-default elementor-section-items-middle\" data-id=\"78ef80de\" data-element_type=\"section\" data-settings=\"{&quot;background_background&quot;:&quot;classic&quot;}\">\n\t\t\t\t\t\t<div class=\"elementor-container elementor-column-gap-default\">\n\t\t\t\t\t\t\t<div class=\"elementor-row\">\n\t\t\t\t\t<div class=\"elementor-column elementor-col-100 elementor-top-column elementor-element elementor-element-76be5d9b\" data-id=\"76be5d9b\" data-element_type=\"column\">\n\t\t\t<div class=\"elementor-column-wrap elementor-element-populated\">\n\t\t\t\t\t\t\t<div class=\"elementor-widget-wrap\">\n\t\t\t\t\t\t\t\t<\/div>\n\t\t\t\t\t<\/div>\n\t\t<\/div>\n\t\t\t\t\t\t\t\t<\/div>\n\t\t\t\t\t<\/div>\n\t\t<\/section>\n\t\t\t\t<section class=\"elementor-section elementor-top-section elementor-element elementor-element-5c7e7f3f elementor-section-boxed elementor-section-height-default elementor-section-height-default\" data-id=\"5c7e7f3f\" data-element_type=\"section\">\n\t\t\t\t\t\t<div class=\"elementor-container elementor-column-gap-default\">\n\t\t\t\t\t\t\t<div class=\"elementor-row\">\n\t\t\t\t\t<div class=\"elementor-column elementor-col-100 elementor-top-column elementor-element elementor-element-33086f29\" data-id=\"33086f29\" data-element_type=\"column\">\n\t\t\t<div class=\"elementor-column-wrap elementor-element-populated\">\n\t\t\t\t\t\t\t<div class=\"elementor-widget-wrap\">\n\t\t\t\t\t\t<div class=\"elementor-element elementor-element-1f038a6f elementor-grid-1 elementor-grid-tablet-1 elementor-posts--thumbnail-top elementor-grid-mobile-1 elementor-widget elementor-widget-posts\" data-id=\"1f038a6f\" data-element_type=\"widget\" data-settings=\"{&quot;custom_columns&quot;:&quot;1&quot;,&quot;custom_row_gap&quot;:{&quot;unit&quot;:&quot;px&quot;,&quot;size&quot;:0,&quot;sizes&quot;:[]},&quot;custom_columns_tablet&quot;:&quot;1&quot;,&quot;custom_columns_mobile&quot;:&quot;1&quot;,&quot;custom_row_gap_tablet&quot;:{&quot;unit&quot;:&quot;px&quot;,&quot;size&quot;:&quot;&quot;,&quot;sizes&quot;:[]},&quot;custom_row_gap_mobile&quot;:{&quot;unit&quot;:&quot;px&quot;,&quot;size&quot;:&quot;&quot;,&quot;sizes&quot;:[]}}\" data-widget_type=\"posts.custom\">\n\t\t\t\t<div class=\"elementor-widget-container\">\n\t\t\t      <div class=\"ecs-posts elementor-posts-container elementor-posts   elementor-grid elementor-posts--skin-custom\" data-settings=\"{&quot;current_page&quot;:1,&quot;max_num_pages&quot;:1,&quot;load_method&quot;:&quot;&quot;,&quot;widget_id&quot;:&quot;1f038a6f&quot;,&quot;post_id&quot;:13306,&quot;theme_id&quot;:13306,&quot;change_url&quot;:false,&quot;reinit_js&quot;:false}\">\n      \t\t<article id=\"post-3195\" class=\"elementor-post elementor-grid-item ecs-post-loop post-3195 post type-post status-publish format-standard has-post-thumbnail hentry category-2018-planejamento-previsao-orcamentaria category-planejamento-previsao-orcamentaria\">\n\t\t\t\t<div data-elementor-type=\"loop\" data-elementor-id=\"11776\" class=\"elementor elementor-11776 post-3195 post type-post status-publish format-standard has-post-thumbnail hentry category-2018-planejamento-previsao-orcamentaria category-planejamento-previsao-orcamentaria\">\n\t\t\t\t\t<div class=\"elementor-section-wrap\">\n\t\t\t\t\t\t\t\t<section class=\"elementor-section elementor-top-section elementor-element elementor-element-47308d9d elementor-section-boxed elementor-section-height-default elementor-section-height-default\" data-id=\"47308d9d\" data-element_type=\"section\" data-settings=\"{&quot;background_background&quot;:&quot;classic&quot;}\">\n\t\t\t\t\t\t<div class=\"elementor-container elementor-column-gap-default\">\n\t\t\t\t\t\t\t<div class=\"elementor-row\">\n\t\t\t\t\t<div class=\"elementor-column elementor-col-100 elementor-top-column elementor-element elementor-element-7c84ef88\" data-id=\"7c84ef88\" data-element_type=\"column\">\n\t\t\t<div class=\"elementor-column-wrap elementor-element-populated\">\n\t\t\t\t\t\t\t<div class=\"elementor-widget-wrap\">\n\t\t\t\t\t\t<div class=\"elementor-element elementor-element-5b2bde90 elementor-widget elementor-widget-theme-post-title elementor-page-title elementor-widget-heading\" data-id=\"5b2bde90\" data-element_type=\"widget\" data-widget_type=\"theme-post-title.default\">\n\t\t\t\t<div class=\"elementor-widget-container\">\n\t\t\t<h6 class=\"elementor-heading-title elementor-size-medium\"><a href=\"https:\/\/crtrrj.gov.br\/transparencia\/wp-content\/uploads\/2020\/12\/Previs__o_Or__ament__ria_2018_-_Aprova____o.pdf\">Previs\u00e3o Or\u00e7ament\u00e1ria Exercicio 2018-Aprova\u00e7\u00e3o<\/a><\/h6>\t\t<\/div>\n\t\t\t\t<\/div>\n\t\t\t\t<div class=\"elementor-element elementor-element-b5090c7 elementor-widget-divider--view-line elementor-widget elementor-widget-divider\" data-id=\"b5090c7\" data-element_type=\"widget\" data-widget_type=\"divider.default\">\n\t\t\t\t<div class=\"elementor-widget-container\">\n\t\t\t\t\t<div class=\"elementor-divider\">\n\t\t\t<span class=\"elementor-divider-separator\">\n\t\t\t\t\t\t<\/span>\n\t\t<\/div>\n\t\t\t\t<\/div>\n\t\t\t\t<\/div>\n\t\t\t\t\t\t<\/div>\n\t\t\t\t\t<\/div>\n\t\t<\/div>\n\t\t\t\t\t\t\t\t<\/div>\n\t\t\t\t\t<\/div>\n\t\t<\/section>\n\t\t\t\t\t\t\t<\/div>\n\t\t\t\t<\/div>\n\t\t\t\t<\/article>\n\t\t\t\t<article id=\"post-3174\" class=\"elementor-post elementor-grid-item ecs-post-loop post-3174 post type-post status-publish format-standard hentry category-2018-planejamento-previsao-orcamentaria category-planejamento-previsao-orcamentaria\">\n\t\t\t\t<div data-elementor-type=\"loop\" data-elementor-id=\"11776\" class=\"elementor elementor-11776 post-3174 post type-post status-publish format-standard hentry category-2018-planejamento-previsao-orcamentaria category-planejamento-previsao-orcamentaria\">\n\t\t\t\t\t<div class=\"elementor-section-wrap\">\n\t\t\t\t\t\t\t\t<section class=\"elementor-section elementor-top-section elementor-element elementor-element-47308d9d elementor-section-boxed elementor-section-height-default elementor-section-height-default\" data-id=\"47308d9d\" data-element_type=\"section\" data-settings=\"{&quot;background_background&quot;:&quot;classic&quot;}\">\n\t\t\t\t\t\t<div class=\"elementor-container elementor-column-gap-default\">\n\t\t\t\t\t\t\t<div class=\"elementor-row\">\n\t\t\t\t\t<div class=\"elementor-column elementor-col-100 elementor-top-column elementor-element elementor-element-7c84ef88\" data-id=\"7c84ef88\" data-element_type=\"column\">\n\t\t\t<div class=\"elementor-column-wrap elementor-element-populated\">\n\t\t\t\t\t\t\t<div class=\"elementor-widget-wrap\">\n\t\t\t\t\t\t<div class=\"elementor-element elementor-element-5b2bde90 elementor-widget elementor-widget-theme-post-title elementor-page-title elementor-widget-heading\" data-id=\"5b2bde90\" data-element_type=\"widget\" data-widget_type=\"theme-post-title.default\">\n\t\t\t\t<div class=\"elementor-widget-container\">\n\t\t\t<h6 class=\"elementor-heading-title elementor-size-medium\"><a href=\"https:\/\/crtrrj.gov.br\/transparencia\/wp-content\/uploads\/2020\/12\/Previs__o_Or__ament__ria_2018-I.pdf\">Previs\u00e3o Or\u00e7ament\u00e1ria Exercicio 2018-I<\/a><\/h6>\t\t<\/div>\n\t\t\t\t<\/div>\n\t\t\t\t<div class=\"elementor-element elementor-element-b5090c7 elementor-widget-divider--view-line elementor-widget elementor-widget-divider\" data-id=\"b5090c7\" data-element_type=\"widget\" data-widget_type=\"divider.default\">\n\t\t\t\t<div class=\"elementor-widget-container\">\n\t\t\t\t\t<div class=\"elementor-divider\">\n\t\t\t<span class=\"elementor-divider-separator\">\n\t\t\t\t\t\t<\/span>\n\t\t<\/div>\n\t\t\t\t<\/div>\n\t\t\t\t<\/div>\n\t\t\t\t\t\t<\/div>\n\t\t\t\t\t<\/div>\n\t\t<\/div>\n\t\t\t\t\t\t\t\t<\/div>\n\t\t\t\t\t<\/div>\n\t\t<\/section>\n\t\t\t\t\t\t\t<\/div>\n\t\t\t\t<\/div>\n\t\t\t\t<\/article>\n\t\t\t\t<article id=\"post-3181\" class=\"elementor-post elementor-grid-item ecs-post-loop post-3181 post type-post status-publish format-standard hentry category-2018-planejamento-previsao-orcamentaria category-planejamento-previsao-orcamentaria\">\n\t\t\t\t<div data-elementor-type=\"loop\" data-elementor-id=\"11776\" class=\"elementor elementor-11776 post-3181 post type-post status-publish format-standard hentry category-2018-planejamento-previsao-orcamentaria category-planejamento-previsao-orcamentaria\">\n\t\t\t\t\t<div class=\"elementor-section-wrap\">\n\t\t\t\t\t\t\t\t<section class=\"elementor-section elementor-top-section elementor-element elementor-element-47308d9d elementor-section-boxed elementor-section-height-default elementor-section-height-default\" data-id=\"47308d9d\" data-element_type=\"section\" data-settings=\"{&quot;background_background&quot;:&quot;classic&quot;}\">\n\t\t\t\t\t\t<div class=\"elementor-container elementor-column-gap-default\">\n\t\t\t\t\t\t\t<div class=\"elementor-row\">\n\t\t\t\t\t<div class=\"elementor-column elementor-col-100 elementor-top-column elementor-element elementor-element-7c84ef88\" data-id=\"7c84ef88\" data-element_type=\"column\">\n\t\t\t<div class=\"elementor-column-wrap elementor-element-populated\">\n\t\t\t\t\t\t\t<div class=\"elementor-widget-wrap\">\n\t\t\t\t\t\t<div class=\"elementor-element elementor-element-5b2bde90 elementor-widget elementor-widget-theme-post-title elementor-page-title elementor-widget-heading\" data-id=\"5b2bde90\" data-element_type=\"widget\" data-widget_type=\"theme-post-title.default\">\n\t\t\t\t<div class=\"elementor-widget-container\">\n\t\t\t<h6 class=\"elementor-heading-title elementor-size-medium\"><a href=\"https:\/\/crtrrj.gov.br\/transparencia\/wp-content\/uploads\/2020\/12\/Previs__o_Or__ament__ria_2018-II.pdf\">Previs\u00e3o Or\u00e7ament\u00e1ria Exercicio 2018-II<\/a><\/h6>\t\t<\/div>\n\t\t\t\t<\/div>\n\t\t\t\t<div class=\"elementor-element elementor-element-b5090c7 elementor-widget-divider--view-line elementor-widget elementor-widget-divider\" data-id=\"b5090c7\" data-element_type=\"widget\" data-widget_type=\"divider.default\">\n\t\t\t\t<div class=\"elementor-widget-container\">\n\t\t\t\t\t<div class=\"elementor-divider\">\n\t\t\t<span class=\"elementor-divider-separator\">\n\t\t\t\t\t\t<\/span>\n\t\t<\/div>\n\t\t\t\t<\/div>\n\t\t\t\t<\/div>\n\t\t\t\t\t\t<\/div>\n\t\t\t\t\t<\/div>\n\t\t<\/div>\n\t\t\t\t\t\t\t\t<\/div>\n\t\t\t\t\t<\/div>\n\t\t<\/section>\n\t\t\t\t\t\t\t<\/div>\n\t\t\t\t<\/div>\n\t\t\t\t<\/article>\n\t\t\t\t<article id=\"post-3188\" class=\"elementor-post elementor-grid-item ecs-post-loop post-3188 post type-post status-publish format-standard hentry category-2018-planejamento-previsao-orcamentaria category-planejamento-previsao-orcamentaria\">\n\t\t\t\t<div data-elementor-type=\"loop\" data-elementor-id=\"11776\" class=\"elementor elementor-11776 post-3188 post type-post status-publish format-standard hentry category-2018-planejamento-previsao-orcamentaria category-planejamento-previsao-orcamentaria\">\n\t\t\t\t\t<div class=\"elementor-section-wrap\">\n\t\t\t\t\t\t\t\t<section class=\"elementor-section elementor-top-section elementor-element elementor-element-47308d9d elementor-section-boxed elementor-section-height-default elementor-section-height-default\" data-id=\"47308d9d\" data-element_type=\"section\" data-settings=\"{&quot;background_background&quot;:&quot;classic&quot;}\">\n\t\t\t\t\t\t<div class=\"elementor-container elementor-column-gap-default\">\n\t\t\t\t\t\t\t<div class=\"elementor-row\">\n\t\t\t\t\t<div class=\"elementor-column elementor-col-100 elementor-top-column elementor-element elementor-element-7c84ef88\" data-id=\"7c84ef88\" data-element_type=\"column\">\n\t\t\t<div class=\"elementor-column-wrap elementor-element-populated\">\n\t\t\t\t\t\t\t<div class=\"elementor-widget-wrap\">\n\t\t\t\t\t\t<div class=\"elementor-element elementor-element-5b2bde90 elementor-widget elementor-widget-theme-post-title elementor-page-title elementor-widget-heading\" data-id=\"5b2bde90\" data-element_type=\"widget\" data-widget_type=\"theme-post-title.default\">\n\t\t\t\t<div class=\"elementor-widget-container\">\n\t\t\t<h6 class=\"elementor-heading-title elementor-size-medium\"><a href=\"https:\/\/crtrrj.gov.br\/transparencia\/wp-content\/uploads\/2020\/12\/Previs__o_Or__ament__ria_2018-III.pdf\">Previs\u00e3o Or\u00e7ament\u00e1ria Exercicio 2018-III<\/a><\/h6>\t\t<\/div>\n\t\t\t\t<\/div>\n\t\t\t\t<div class=\"elementor-element elementor-element-b5090c7 elementor-widget-divider--view-line elementor-widget elementor-widget-divider\" data-id=\"b5090c7\" data-element_type=\"widget\" data-widget_type=\"divider.default\">\n\t\t\t\t<div class=\"elementor-widget-container\">\n\t\t\t\t\t<div class=\"elementor-divider\">\n\t\t\t<span class=\"elementor-divider-separator\">\n\t\t\t\t\t\t<\/span>\n\t\t<\/div>\n\t\t\t\t<\/div>\n\t\t\t\t<\/div>\n\t\t\t\t\t\t<\/div>\n\t\t\t\t\t<\/div>\n\t\t<\/div>\n\t\t\t\t\t\t\t\t<\/div>\n\t\t\t\t\t<\/div>\n\t\t<\/section>\n\t\t\t\t\t\t\t<\/div>\n\t\t\t\t<\/div>\n\t\t\t\t<\/article>\n\t\t\t\t<\/div>\n\t\t\t\t<\/div>\n\t\t\t\t<\/div>\n\t\t\t\t\t\t<\/div>\n\t\t\t\t\t<\/div>\n\t\t<\/div>\n\t\t\t\t\t\t\t\t<\/div>\n\t\t\t\t\t<\/div>\n\t\t<\/section>\n\t\t\t\t\t\t\t\t\t<\/div>\n\t\t\t<\/div>\n\t\t\t\t\t<\/div>\n\t\t","protected":false},"excerpt":{"rendered":"<p>HOME<\/p>\n","protected":false},"author":1,"featured_media":0,"parent":4123,"menu_order":0,"comment_status":"closed","ping_status":"closed","template":"","meta":{"footnotes":""},"class_list":["post-13306","page","type-page","status-publish","hentry"],"acf":[],"_links":{"self":[{"href":"https:\/\/crtrrj.gov.br\/transparencia\/wp-json\/wp\/v2\/pages\/13306","targetHints":{"allow":["GET"]}}],"collection":[{"href":"https:\/\/crtrrj.gov.br\/transparencia\/wp-json\/wp\/v2\/pages"}],"about":[{"href":"https:\/\/crtrrj.gov.br\/transparencia\/wp-json\/wp\/v2\/types\/page"}],"author":[{"embeddable":true,"href":"https:\/\/crtrrj.gov.br\/transparencia\/wp-json\/wp\/v2\/users\/1"}],"replies":[{"embeddable":true,"href":"https:\/\/crtrrj.gov.br\/transparencia\/wp-json\/wp\/v2\/comments?post=13306"}],"version-history":[{"count":4,"href":"https:\/\/crtrrj.gov.br\/transparencia\/wp-json\/wp\/v2\/pages\/13306\/revisions"}],"predecessor-version":[{"id":13315,"href":"https:\/\/crtrrj.gov.br\/transparencia\/wp-json\/wp\/v2\/pages\/13306\/revisions\/13315"}],"up":[{"embeddable":true,"href":"https:\/\/crtrrj.gov.br\/transparencia\/wp-json\/wp\/v2\/pages\/4123"}],"wp:attachment":[{"href":"https:\/\/crtrrj.gov.br\/transparencia\/wp-json\/wp\/v2\/media?parent=13306"}],"curies":[{"name":"wp","href":"https:\/\/api.w.org\/{rel}","templated":true}]}}