{"id":19647,"date":"2021-02-09T23:49:59","date_gmt":"2021-02-09T23:49:59","guid":{"rendered":"https:\/\/crtrrj.gov.br\/transparencia\/?page_id=19647"},"modified":"2022-11-09T17:32:08","modified_gmt":"2022-11-09T17:32:08","slug":"e-sic","status":"publish","type":"page","link":"https:\/\/crtrrj.gov.br\/transparencia\/fale-conosco\/e-sic\/","title":{"rendered":"e-sic"},"content":{"rendered":"\t\t<div data-elementor-type=\"wp-page\" data-elementor-id=\"19647\" class=\"elementor elementor-19647\">\n\t\t\t\t\t\t<div class=\"elementor-inner\">\n\t\t\t\t<div class=\"elementor-section-wrap\">\n\t\t\t\t\t\t\t\t\t<section class=\"elementor-section elementor-top-section elementor-element elementor-element-606e4840 elementor-section-height-min-height elementor-section-boxed elementor-section-height-default elementor-section-items-middle\" data-id=\"606e4840\" data-element_type=\"section\" data-settings=\"{&quot;background_background&quot;:&quot;classic&quot;}\">\n\t\t\t\t\t\t<div class=\"elementor-container elementor-column-gap-default\">\n\t\t\t\t\t\t\t<div class=\"elementor-row\">\n\t\t\t\t\t<div class=\"elementor-column elementor-col-100 elementor-top-column elementor-element elementor-element-51ccb7b0\" data-id=\"51ccb7b0\" data-element_type=\"column\">\n\t\t\t<div class=\"elementor-column-wrap elementor-element-populated\">\n\t\t\t\t\t\t\t<div class=\"elementor-widget-wrap\">\n\t\t\t\t\t\t\t\t<\/div>\n\t\t\t\t\t<\/div>\n\t\t<\/div>\n\t\t\t\t\t\t\t\t<\/div>\n\t\t\t\t\t<\/div>\n\t\t<\/section>\n\t\t\t\t<section class=\"elementor-section elementor-top-section elementor-element elementor-element-f285185 elementor-section-boxed elementor-section-height-default elementor-section-height-default\" data-id=\"f285185\" data-element_type=\"section\">\n\t\t\t\t\t\t<div class=\"elementor-container elementor-column-gap-default\">\n\t\t\t\t\t\t\t<div class=\"elementor-row\">\n\t\t\t\t\t<div class=\"elementor-column elementor-col-100 elementor-top-column elementor-element elementor-element-373763a\" data-id=\"373763a\" data-element_type=\"column\">\n\t\t\t<div class=\"elementor-column-wrap elementor-element-populated\">\n\t\t\t\t\t\t\t<div class=\"elementor-widget-wrap\">\n\t\t\t\t\t\t<div class=\"elementor-element elementor-element-0086f96 elementor-widget elementor-widget-heading\" data-id=\"0086f96\" data-element_type=\"widget\" data-widget_type=\"heading.default\">\n\t\t\t\t<div class=\"elementor-widget-container\">\n\t\t\t<h2 class=\"elementor-heading-title elementor-size-default\">Veja como pedir e ter acesso \u00e0s informa\u00e7\u00f5es e dados do Conselho Regional de T\u00e9cnicos em Radiologia - 4\u00ba Regi\u00e3o (CRTR4RJ)\n<\/h2>\t\t<\/div>\n\t\t\t\t<\/div>\n\t\t\t\t<section class=\"elementor-section elementor-inner-section elementor-element elementor-element-b71f8eb elementor-section-boxed elementor-section-height-default elementor-section-height-default\" data-id=\"b71f8eb\" data-element_type=\"section\">\n\t\t\t\t\t\t<div class=\"elementor-container elementor-column-gap-default\">\n\t\t\t\t\t\t\t<div class=\"elementor-row\">\n\t\t\t\t\t<div class=\"elementor-column elementor-col-50 elementor-inner-column elementor-element elementor-element-61a196d\" data-id=\"61a196d\" data-element_type=\"column\">\n\t\t\t<div class=\"elementor-column-wrap elementor-element-populated\">\n\t\t\t\t\t\t\t<div class=\"elementor-widget-wrap\">\n\t\t\t\t\t\t<div class=\"elementor-element elementor-element-b4171e5 elementor-widget elementor-widget-image\" data-id=\"b4171e5\" data-element_type=\"widget\" data-widget_type=\"image.default\">\n\t\t\t\t<div class=\"elementor-widget-container\">\n\t\t\t\t\t\t\t\t<div class=\"elementor-image\">\n\t\t\t\t\t\t\t\t\t\t\t\t<img loading=\"lazy\" decoding=\"async\" width=\"377\" height=\"102\" src=\"https:\/\/crtrrj.gov.br\/transparencia\/wp-content\/uploads\/2021\/02\/esic.jpg\" class=\"attachment-large size-large wp-image-19649\" alt=\"\" srcset=\"https:\/\/crtrrj.gov.br\/transparencia\/wp-content\/uploads\/2021\/02\/esic.jpg 377w, https:\/\/crtrrj.gov.br\/transparencia\/wp-content\/uploads\/2021\/02\/esic-300x81.jpg 300w\" sizes=\"auto, (max-width: 377px) 100vw, 377px\" \/>\t\t\t\t\t\t\t\t\t\t\t\t\t\t<\/div>\n\t\t\t\t\t\t<\/div>\n\t\t\t\t<\/div>\n\t\t\t\t\t\t<\/div>\n\t\t\t\t\t<\/div>\n\t\t<\/div>\n\t\t\t\t<div class=\"elementor-column elementor-col-50 elementor-inner-column elementor-element elementor-element-08f0945\" data-id=\"08f0945\" data-element_type=\"column\">\n\t\t\t<div class=\"elementor-column-wrap\">\n\t\t\t\t\t\t\t<div class=\"elementor-widget-wrap\">\n\t\t\t\t\t\t\t\t<\/div>\n\t\t\t\t\t<\/div>\n\t\t<\/div>\n\t\t\t\t\t\t\t\t<\/div>\n\t\t\t\t\t<\/div>\n\t\t<\/section>\n\t\t\t\t\t\t<\/div>\n\t\t\t\t\t<\/div>\n\t\t<\/div>\n\t\t\t\t\t\t\t\t<\/div>\n\t\t\t\t\t<\/div>\n\t\t<\/section>\n\t\t\t\t<section class=\"elementor-section elementor-top-section elementor-element elementor-element-4730f4f elementor-section-boxed elementor-section-height-default elementor-section-height-default\" data-id=\"4730f4f\" data-element_type=\"section\">\n\t\t\t\t\t\t<div class=\"elementor-container elementor-column-gap-default\">\n\t\t\t\t\t\t\t<div class=\"elementor-row\">\n\t\t\t\t\t<div class=\"elementor-column elementor-col-100 elementor-top-column elementor-element elementor-element-625f4ee\" data-id=\"625f4ee\" data-element_type=\"column\">\n\t\t\t<div class=\"elementor-column-wrap elementor-element-populated\">\n\t\t\t\t\t\t\t<div class=\"elementor-widget-wrap\">\n\t\t\t\t\t\t<div class=\"elementor-element elementor-element-0ce2f3b elementor-widget elementor-widget-text-editor\" data-id=\"0ce2f3b\" data-element_type=\"widget\" data-widget_type=\"text-editor.default\">\n\t\t\t\t<div class=\"elementor-widget-container\">\n\t\t\t\t\t\t\t\t<div class=\"elementor-text-editor elementor-clearfix\">\n\t\t\t\t<p><strong>Sistema eletr\u00f4nico do Servi\u00e7o de Informa\u00e7\u00e3o ao Cidad\u00e3o<\/strong><br \/>O Conselho Regional de T\u00e9cnicos em Radiologia (CONTER) torna p\u00fablico o <a href=\"http:\/\/www.conter.gov.br\/uploads\/legislativo\/resolucaoconter062014.pdf\">Servi\u00e7o de Informa\u00e7\u00f5es ao Cidad\u00e3o (SIC)<\/a>, com o objetivo de dar transpar\u00eancia e visibilidade \u00e0s a\u00e7\u00f5es, atividades, dados e informa\u00e7\u00f5es da autarquia.\u00a0<\/p>\t\t\t\t\t<\/div>\n\t\t\t\t\t\t<\/div>\n\t\t\t\t<\/div>\n\t\t\t\t<div class=\"elementor-element elementor-element-7ba912d elementor-widget elementor-widget-text-editor\" data-id=\"7ba912d\" data-element_type=\"widget\" data-widget_type=\"text-editor.default\">\n\t\t\t\t<div class=\"elementor-widget-container\">\n\t\t\t\t\t\t\t\t<div class=\"elementor-text-editor elementor-clearfix\">\n\t\t\t\t<p style=\"font-weight: 400;\"><b><strong>Prazo<\/strong><\/b><br \/><b><strong>\u200b<\/strong><\/b>Os pedidos de acesso \u00e0 informa\u00e7\u00e3o ser\u00e3o respondidos em at\u00e9 20 dias, ap\u00f3s o recebimento da solicita\u00e7\u00e3o.<\/p><p><b><strong>Equipe respons\u00e1vel<\/strong><\/b><br \/><a href=\"http:\/\/www.conter.gov.br\/uploads\/legislativo\/resolucaoconter062014.pdf\">Resolu\u00e7\u00e3o CONTER n.\u00ba 06\/2014<\/a><br \/><a href=\"https:\/\/crtrrj.gov.br\/transparencia\/wp-content\/uploads\/2020\/11\/Portaria_CRTR_002-2019_-_Comiss__o_do_Servi__o_de_Informa____o_ao_Cidad__o.pdf\" target=\"_blank\" rel=\"noopener\">Portaria CRTR4RJ n\u00ba. 002-2019<\/a><\/p><p><b>Por meio do SIC, voc\u00ea pode:<\/b><\/p><p style=\"font-weight: 400;\"><em>&gt; Ter acesso \u00e0s informa\u00e7\u00f5es do \u00f3rg\u00e3o;<\/em><\/p><p style=\"font-weight: 400;\"><em>&gt; Consultar o andamento de processos e documentos;<\/em><\/p><p style=\"font-weight: 400;\"><em>&gt; Protocolar documentos e requerimentos;<\/em><\/p><p style=\"font-weight: 400;\"><em>&gt; Encaminhar demandas aos setores respons\u00e1veis, de acordo com o grau de complexidade e compet\u00eancia.<\/em><\/p><p style=\"font-weight: 400;\"><b><strong>N\u00e3o ser\u00e3o atendidos pedidos de acesso \u00e0 informa\u00e7\u00e3o:<\/strong><\/b><\/p><p style=\"font-weight: 400;\"><em>&gt; Gen\u00e9ricos;<\/em><\/p><p style=\"font-weight: 400;\"><em>&gt; Desproporcionais ou desarrazoados;<\/em><\/p><p style=\"font-weight: 400;\"><em>&gt; Com grau de sigilo reservado;<\/em><\/p><p style=\"font-weight: 400;\"><em>&gt; Pessoal, relativa \u00e0 intimidade ou vida privada;<\/em><\/p><p style=\"font-weight: 400;\"><em>&gt; Que exijam trabalhos adicionais de an\u00e1lise, interpreta\u00e7\u00e3o ou consolida\u00e7\u00e3o de dados e informa\u00e7\u00f5es.<\/em><\/p><p style=\"font-weight: 400;\"><b><strong>O pedido de acesso \u00e0 informa\u00e7\u00e3o dever\u00e1 conter:<\/strong><\/b><\/p><p style=\"font-weight: 400;\"><em>&gt; Nome e telefone do requerente;<\/em><\/p><p style=\"font-weight: 400;\"><em>&gt; Endere\u00e7o de e-mail para o recebimento das informa\u00e7\u00f5es solicitadas;<\/em><\/p><p style=\"font-weight: 400;\"><em>&gt; Especifica\u00e7\u00e3o, de forma clara e concisa, da informa\u00e7\u00e3o que se pretende.<\/em><\/p><p style=\"font-weight: 400;\"><b><strong>Encaminhamento:<\/strong><\/b><\/p><p style=\"font-weight: 400;\">&gt; O pedido de acesso \u00e0 informa\u00e7\u00e3o pode ser encaminhado por meio eletr\u00f4nico, via\u00a0<em>e-mail:<\/em>\u00a0sic@crtrrj.gov.br<em>;<\/em><\/p><p style=\"font-weight: 400;\">&gt;A solicita\u00e7\u00e3o tamb\u00e9m pode ser feita por meio f\u00edsico, pelo endere\u00e7o:<\/p><p style=\"font-weight: 400;\"><em><b><strong>Servi\u00e7o de Informa\u00e7\u00f5es ao Cidad\u00e3o do CRTR4RJ<\/strong><\/b><\/em><\/p><p><em><strong>Av. Pres. Vargas, 534 \u2013 17\u00ba andar\u00a0 Centro \u2013 Rio de Janeiro \u2013 RJ<\/strong><\/em><\/p><p><em><strong>CEP 20071-000<\/strong><\/em><\/p><p style=\"font-weight: 400;\">\u00a0<\/p>\t\t\t\t\t<\/div>\n\t\t\t\t\t\t<\/div>\n\t\t\t\t<\/div>\n\t\t\t\t\t\t<\/div>\n\t\t\t\t\t<\/div>\n\t\t<\/div>\n\t\t\t\t\t\t\t\t<\/div>\n\t\t\t\t\t<\/div>\n\t\t<\/section>\n\t\t\t\t\t\t\t\t\t<\/div>\n\t\t\t<\/div>\n\t\t\t\t\t<\/div>\n\t\t","protected":false},"excerpt":{"rendered":"<p>HOME Veja como pedir e ter acesso \u00e0s informa\u00e7\u00f5es e dados do Conselho Regional de T\u00e9cnicos em Radiologia &#8211; 4\u00ba Regi\u00e3o (CRTR4RJ) Sistema eletr\u00f4nico do Servi\u00e7o de Informa\u00e7\u00e3o ao Cidad\u00e3oO Conselho Regional de T\u00e9cnicos em Radiologia (CONTER) torna p\u00fablico o Servi\u00e7o de Informa\u00e7\u00f5es ao Cidad\u00e3o (SIC), com o objetivo de dar transpar\u00eancia e visibilidade \u00e0s [&hellip;]<\/p>\n","protected":false},"author":1,"featured_media":0,"parent":81,"menu_order":0,"comment_status":"closed","ping_status":"closed","template":"","meta":{"footnotes":""},"class_list":["post-19647","page","type-page","status-publish","hentry"],"acf":[],"_links":{"self":[{"href":"https:\/\/crtrrj.gov.br\/transparencia\/wp-json\/wp\/v2\/pages\/19647","targetHints":{"allow":["GET"]}}],"collection":[{"href":"https:\/\/crtrrj.gov.br\/transparencia\/wp-json\/wp\/v2\/pages"}],"about":[{"href":"https:\/\/crtrrj.gov.br\/transparencia\/wp-json\/wp\/v2\/types\/page"}],"author":[{"embeddable":true,"href":"https:\/\/crtrrj.gov.br\/transparencia\/wp-json\/wp\/v2\/users\/1"}],"replies":[{"embeddable":true,"href":"https:\/\/crtrrj.gov.br\/transparencia\/wp-json\/wp\/v2\/comments?post=19647"}],"version-history":[{"count":13,"href":"https:\/\/crtrrj.gov.br\/transparencia\/wp-json\/wp\/v2\/pages\/19647\/revisions"}],"predecessor-version":[{"id":46676,"href":"https:\/\/crtrrj.gov.br\/transparencia\/wp-json\/wp\/v2\/pages\/19647\/revisions\/46676"}],"up":[{"embeddable":true,"href":"https:\/\/crtrrj.gov.br\/transparencia\/wp-json\/wp\/v2\/pages\/81"}],"wp:attachment":[{"href":"https:\/\/crtrrj.gov.br\/transparencia\/wp-json\/wp\/v2\/media?parent=19647"}],"curies":[{"name":"wp","href":"https:\/\/api.w.org\/{rel}","templated":true}]}}