{"id":4123,"date":"2020-12-07T13:17:51","date_gmt":"2020-12-07T13:17:51","guid":{"rendered":"https:\/\/crtrrj.gov.br\/transparencia\/2020\/?page_id=4123"},"modified":"2026-01-28T21:07:27","modified_gmt":"2026-01-28T21:07:27","slug":"planejamento-previsao-orcamentaria","status":"publish","type":"page","link":"https:\/\/crtrrj.gov.br\/transparencia\/planejamento\/planejamento-previsao-orcamentaria\/","title":{"rendered":"PLANEJAMENTO PREVIS\u00c3O OR\u00c7AMENT\u00c1RIA"},"content":{"rendered":"\t\t<div data-elementor-type=\"wp-page\" data-elementor-id=\"4123\" class=\"elementor elementor-4123\">\n\t\t\t\t\t\t<div class=\"elementor-inner\">\n\t\t\t\t<div class=\"elementor-section-wrap\">\n\t\t\t\t\t\t\t\t\t<section class=\"elementor-section elementor-top-section elementor-element elementor-element-52d0c679 elementor-section-height-min-height elementor-section-boxed elementor-section-height-default elementor-section-items-middle\" data-id=\"52d0c679\" data-element_type=\"section\" data-settings=\"{&quot;background_background&quot;:&quot;classic&quot;}\">\n\t\t\t\t\t\t<div class=\"elementor-container elementor-column-gap-default\">\n\t\t\t\t\t\t\t<div class=\"elementor-row\">\n\t\t\t\t\t<div class=\"elementor-column elementor-col-100 elementor-top-column elementor-element elementor-element-6dbf319e\" data-id=\"6dbf319e\" data-element_type=\"column\">\n\t\t\t<div class=\"elementor-column-wrap elementor-element-populated\">\n\t\t\t\t\t\t\t<div class=\"elementor-widget-wrap\">\n\t\t\t\t\t\t\t\t<\/div>\n\t\t\t\t\t<\/div>\n\t\t<\/div>\n\t\t\t\t\t\t\t\t<\/div>\n\t\t\t\t\t<\/div>\n\t\t<\/section>\n\t\t\t\t<section class=\"elementor-section elementor-top-section elementor-element elementor-element-ce1fc13 elementor-section-boxed elementor-section-height-default elementor-section-height-default\" data-id=\"ce1fc13\" data-element_type=\"section\">\n\t\t\t\t\t\t<div class=\"elementor-container elementor-column-gap-default\">\n\t\t\t\t\t\t\t<div class=\"elementor-row\">\n\t\t\t\t\t<div class=\"elementor-column elementor-col-100 elementor-top-column elementor-element elementor-element-debb457\" data-id=\"debb457\" data-element_type=\"column\">\n\t\t\t<div class=\"elementor-column-wrap elementor-element-populated\">\n\t\t\t\t\t\t\t<div class=\"elementor-widget-wrap\">\n\t\t\t\t\t\t<div class=\"elementor-element elementor-element-02ff4e1 elementor-widget elementor-widget-toggle\" data-id=\"02ff4e1\" data-element_type=\"widget\" data-widget_type=\"toggle.default\">\n\t\t\t\t<div class=\"elementor-widget-container\">\n\t\t\t\t\t<div class=\"elementor-toggle\" role=\"tablist\">\n\t\t\t\t\t\t\t<div class=\"elementor-toggle-item\">\n\t\t\t\t\t<div id=\"elementor-tab-title-3141\" class=\"elementor-tab-title\" data-tab=\"1\" role=\"tab\" aria-controls=\"elementor-tab-content-3141\" aria-expanded=\"false\">\n\t\t\t\t\t\t\t\t\t\t\t\t<span class=\"elementor-toggle-icon elementor-toggle-icon-left\" aria-hidden=\"true\">\n\t\t\t\t\t\t\t\t\t\t\t\t\t\t\t<span class=\"elementor-toggle-icon-closed\"><i class=\"fas fa-caret-right\"><\/i><\/span>\n\t\t\t\t\t\t\t\t<span class=\"elementor-toggle-icon-opened\"><i class=\"elementor-toggle-icon-opened fas fa-caret-up\"><\/i><\/span>\n\t\t\t\t\t\t\t\t\t\t\t\t\t<\/span>\n\t\t\t\t\t\t\t\t\t\t\t\t<a href=\"\" class=\"elementor-toggle-title\">Previs\u00e3o Or\u00e7ament\u00e1ria - 2026<\/a>\n\t\t\t\t\t<\/div>\n\n\t\t\t\t\t<div id=\"elementor-tab-content-3141\" class=\"elementor-tab-content elementor-clearfix\" data-tab=\"1\" role=\"tabpanel\" aria-labelledby=\"elementor-tab-title-3141\"><p><a href=\"https:\/\/crtrrj.gov.br\/transparencia\/wp-content\/uploads\/2026\/01\/Proposta-Orcamentaria-2026-.pdf\"><span class=\"media-list-title word-wrap-break-word\"><strong>Proposta Or\u00e7ament\u00e1ria 2026<\/strong><\/span><\/a><\/p><p><a href=\"https:\/\/crtrrj.gov.br\/transparencia\/wp-content\/uploads\/2026\/01\/Resolucao-CONTER-no-16-24-12-2025-Aprovacao-Proposta-Orcamentaria-2026.pdf\"><strong>Resolu\u00e7\u00e3o CONTER n\u00ba 16, 24-12-2025 &#8211; Aprova\u00e7\u00e3o Proposta Or\u00e7ament\u00e1ria 2026<\/strong><\/a><\/p><\/div>\n\t\t\t\t<\/div>\n\t\t\t\t\t\t\t<div class=\"elementor-toggle-item\">\n\t\t\t\t\t<div id=\"elementor-tab-title-3142\" class=\"elementor-tab-title\" data-tab=\"2\" role=\"tab\" aria-controls=\"elementor-tab-content-3142\" aria-expanded=\"false\">\n\t\t\t\t\t\t\t\t\t\t\t\t<span class=\"elementor-toggle-icon elementor-toggle-icon-left\" aria-hidden=\"true\">\n\t\t\t\t\t\t\t\t\t\t\t\t\t\t\t<span class=\"elementor-toggle-icon-closed\"><i class=\"fas fa-caret-right\"><\/i><\/span>\n\t\t\t\t\t\t\t\t<span class=\"elementor-toggle-icon-opened\"><i class=\"elementor-toggle-icon-opened fas fa-caret-up\"><\/i><\/span>\n\t\t\t\t\t\t\t\t\t\t\t\t\t<\/span>\n\t\t\t\t\t\t\t\t\t\t\t\t<a href=\"\" class=\"elementor-toggle-title\">Previs\u00e3o Or\u00e7ament\u00e1ria - 2025<\/a>\n\t\t\t\t\t<\/div>\n\n\t\t\t\t\t<div id=\"elementor-tab-content-3142\" class=\"elementor-tab-content elementor-clearfix\" data-tab=\"2\" role=\"tabpanel\" aria-labelledby=\"elementor-tab-title-3142\"><p><a href=\"https:\/\/crtrrj.gov.br\/transparencia\/wp-content\/uploads\/2025\/01\/Proposta-Orcamentaria-Exercicio-2025.pdf\"><strong>Proposta Or\u00e7ament\u00e1ria &#8211; Exerc\u00edcio 2025<\/strong><\/a><\/p><p><a href=\"https:\/\/crtrrj.gov.br\/transparencia\/wp-content\/uploads\/2025\/01\/Res.CONTER_08.24-Aprovacao-Proposta-Orcametaria-2025.pdf\"><strong>Res.CONTER_08.24 &#8211; Aprova\u00e7\u00e3o Proposta Or\u00e7amet\u00e1ria 2025<\/strong><\/a><\/p><\/div>\n\t\t\t\t<\/div>\n\t\t\t\t\t\t\t<div class=\"elementor-toggle-item\">\n\t\t\t\t\t<div id=\"elementor-tab-title-3143\" class=\"elementor-tab-title\" data-tab=\"3\" role=\"tab\" aria-controls=\"elementor-tab-content-3143\" aria-expanded=\"false\">\n\t\t\t\t\t\t\t\t\t\t\t\t<span class=\"elementor-toggle-icon elementor-toggle-icon-left\" aria-hidden=\"true\">\n\t\t\t\t\t\t\t\t\t\t\t\t\t\t\t<span class=\"elementor-toggle-icon-closed\"><i class=\"fas fa-caret-right\"><\/i><\/span>\n\t\t\t\t\t\t\t\t<span class=\"elementor-toggle-icon-opened\"><i class=\"elementor-toggle-icon-opened fas fa-caret-up\"><\/i><\/span>\n\t\t\t\t\t\t\t\t\t\t\t\t\t<\/span>\n\t\t\t\t\t\t\t\t\t\t\t\t<a href=\"\" class=\"elementor-toggle-title\">Previs\u00e3o Or\u00e7ament\u00e1ria - 2024<\/a>\n\t\t\t\t\t<\/div>\n\n\t\t\t\t\t<div id=\"elementor-tab-content-3143\" class=\"elementor-tab-content elementor-clearfix\" data-tab=\"3\" role=\"tabpanel\" aria-labelledby=\"elementor-tab-title-3143\"><p><a href=\"https:\/\/crtrrj.gov.br\/transparencia\/wp-content\/uploads\/2024\/05\/Proposta-Orcamentaria-Exercicio-2024.pdf\"><span class=\"media-list-title\">Proposta Or\u00e7ament\u00e1ria &#8211; Exerc\u00edcio 2024<\/span><\/a><\/p><p><a href=\"https:\/\/crtrrj.gov.br\/transparencia\/wp-content\/uploads\/2024\/05\/PROPOSTA-ORCAMENTARIA-2024.pdf\"><span class=\"media-list-title\">PROPOSTA OR\u00c7AMENTARIA 2024<\/span><\/a><\/p><p><a href=\"https:\/\/crtrrj.gov.br\/transparencia\/wp-content\/uploads\/2024\/05\/Res.conter_30.23-Aprovacao-Proposta-Orcamentaria-2024.pdf\"><span class=\"media-list-title\">Res.conter_30.23 &#8211; Aprova\u00e7\u00e3o Proposta Or\u00e7amentaria 2024<\/span><\/a><\/p><\/div>\n\t\t\t\t<\/div>\n\t\t\t\t\t\t\t<div class=\"elementor-toggle-item\">\n\t\t\t\t\t<div id=\"elementor-tab-title-3144\" class=\"elementor-tab-title\" data-tab=\"4\" role=\"tab\" aria-controls=\"elementor-tab-content-3144\" aria-expanded=\"false\">\n\t\t\t\t\t\t\t\t\t\t\t\t<span class=\"elementor-toggle-icon elementor-toggle-icon-left\" aria-hidden=\"true\">\n\t\t\t\t\t\t\t\t\t\t\t\t\t\t\t<span class=\"elementor-toggle-icon-closed\"><i class=\"fas fa-caret-right\"><\/i><\/span>\n\t\t\t\t\t\t\t\t<span class=\"elementor-toggle-icon-opened\"><i class=\"elementor-toggle-icon-opened fas fa-caret-up\"><\/i><\/span>\n\t\t\t\t\t\t\t\t\t\t\t\t\t<\/span>\n\t\t\t\t\t\t\t\t\t\t\t\t<a href=\"\" class=\"elementor-toggle-title\">Previs\u00e3o Or\u00e7ament\u00e1ria - 2023<\/a>\n\t\t\t\t\t<\/div>\n\n\t\t\t\t\t<div id=\"elementor-tab-content-3144\" class=\"elementor-tab-content elementor-clearfix\" data-tab=\"4\" role=\"tabpanel\" aria-labelledby=\"elementor-tab-title-3144\"><p><a href=\"https:\/\/crtrrj.gov.br\/transparencia\/wp-content\/uploads\/2024\/05\/Proposta-Orcamentaria-Exercicio-2023.pdf\"><span class=\"media-list-title\">Proposta Or\u00e7ament\u00e1ria &#8211; Exerc\u00edcio 2023<\/span><\/a><\/p><p><a href=\"https:\/\/crtrrj.gov.br\/transparencia\/wp-content\/uploads\/2024\/05\/Res.conter_24_2022-Aprovacao-Previsao-Orcamentaria-2023.pdf\"><span class=\"media-list-title\">Res.conter_24_2022 &#8211; Aprova\u00e7\u00e3o Previs\u00e3o Or\u00e7amentaria 2023<\/span><\/a><\/p><\/div>\n\t\t\t\t<\/div>\n\t\t\t\t\t\t\t<div class=\"elementor-toggle-item\">\n\t\t\t\t\t<div id=\"elementor-tab-title-3145\" class=\"elementor-tab-title\" data-tab=\"5\" role=\"tab\" aria-controls=\"elementor-tab-content-3145\" aria-expanded=\"false\">\n\t\t\t\t\t\t\t\t\t\t\t\t<span class=\"elementor-toggle-icon elementor-toggle-icon-left\" aria-hidden=\"true\">\n\t\t\t\t\t\t\t\t\t\t\t\t\t\t\t<span class=\"elementor-toggle-icon-closed\"><i class=\"fas fa-caret-right\"><\/i><\/span>\n\t\t\t\t\t\t\t\t<span class=\"elementor-toggle-icon-opened\"><i class=\"elementor-toggle-icon-opened fas fa-caret-up\"><\/i><\/span>\n\t\t\t\t\t\t\t\t\t\t\t\t\t<\/span>\n\t\t\t\t\t\t\t\t\t\t\t\t<a href=\"\" class=\"elementor-toggle-title\">Previs\u00e3o Or\u00e7ament\u00e1ria - 2022<\/a>\n\t\t\t\t\t<\/div>\n\n\t\t\t\t\t<div id=\"elementor-tab-content-3145\" class=\"elementor-tab-content elementor-clearfix\" data-tab=\"5\" role=\"tabpanel\" aria-labelledby=\"elementor-tab-title-3145\"><p><a href=\"https:\/\/crtrrj.gov.br\/transparencia\/wp-content\/uploads\/2024\/05\/Proposta-Orcamentaria-Exercicio-2022.pdf\"><span class=\"media-list-title\"><strong>Proposta Or\u00e7ament\u00e1ria &#8211; Exerc\u00edcio 2022<\/strong><\/span><\/a><\/p><p><a href=\"https:\/\/crtrrj.gov.br\/transparencia\/wp-content\/uploads\/2024\/05\/Res.conter_24.21-Aprovacao-Proposta-Orcamentaria-2022.pdf\"><span class=\"media-list-title\"><strong>Res.conter_24.21 &#8211; Aprova\u00e7\u00e3o Proposta Or\u00e7amentaria 2022<\/strong><\/span><\/a><\/p><\/div>\n\t\t\t\t<\/div>\n\t\t\t\t\t\t\t<div class=\"elementor-toggle-item\">\n\t\t\t\t\t<div id=\"elementor-tab-title-3146\" class=\"elementor-tab-title\" data-tab=\"6\" role=\"tab\" aria-controls=\"elementor-tab-content-3146\" aria-expanded=\"false\">\n\t\t\t\t\t\t\t\t\t\t\t\t<span class=\"elementor-toggle-icon elementor-toggle-icon-left\" aria-hidden=\"true\">\n\t\t\t\t\t\t\t\t\t\t\t\t\t\t\t<span class=\"elementor-toggle-icon-closed\"><i class=\"fas fa-caret-right\"><\/i><\/span>\n\t\t\t\t\t\t\t\t<span class=\"elementor-toggle-icon-opened\"><i class=\"elementor-toggle-icon-opened fas fa-caret-up\"><\/i><\/span>\n\t\t\t\t\t\t\t\t\t\t\t\t\t<\/span>\n\t\t\t\t\t\t\t\t\t\t\t\t<a href=\"\" class=\"elementor-toggle-title\">Previs\u00e3o Or\u00e7ament\u00e1ria - 2021<\/a>\n\t\t\t\t\t<\/div>\n\n\t\t\t\t\t<div id=\"elementor-tab-content-3146\" class=\"elementor-tab-content elementor-clearfix\" data-tab=\"6\" role=\"tabpanel\" aria-labelledby=\"elementor-tab-title-3146\"><p><a href=\"https:\/\/crtrrj.gov.br\/transparencia\/wp-content\/uploads\/2024\/07\/Res.-Conter_19.2020-Aprovacao-Proposta-Orcamentaria-2021.pdf\"><strong>Res. Conter_19.2020 &#8211; Aprova\u00e7\u00e3o Proposta Or\u00e7ament\u00e1ria 2021<\/strong><\/a><\/p><p><a href=\"https:\/\/crtrrj.gov.br\/transparencia\/wp-content\/uploads\/2024\/07\/PROPOSTA-ORCAMENTARIA-2021.pdf\"><strong>PROPOSTA OR\u00c7AMENTARIA 2021<\/strong><\/a><\/p><\/div>\n\t\t\t\t<\/div>\n\t\t\t\t\t\t\t\t<\/div>\n\t\t\t\t<\/div>\n\t\t\t\t<\/div>\n\t\t\t\t\t\t<\/div>\n\t\t\t\t\t<\/div>\n\t\t<\/div>\n\t\t\t\t\t\t\t\t<\/div>\n\t\t\t\t\t<\/div>\n\t\t<\/section>\n\t\t\t\t<section class=\"elementor-section elementor-top-section elementor-element elementor-element-537ded25 elementor-section-boxed elementor-section-height-default elementor-section-height-default\" data-id=\"537ded25\" data-element_type=\"section\" data-settings=\"{&quot;background_background&quot;:&quot;classic&quot;}\">\n\t\t\t\t\t\t<div class=\"elementor-container elementor-column-gap-default\">\n\t\t\t\t\t\t\t<div class=\"elementor-row\">\n\t\t\t\t\t<div class=\"elementor-column elementor-col-100 elementor-top-column elementor-element elementor-element-3beeb765\" data-id=\"3beeb765\" data-element_type=\"column\">\n\t\t\t<div class=\"elementor-column-wrap elementor-element-populated\">\n\t\t\t\t\t\t\t<div class=\"elementor-widget-wrap\">\n\t\t\t\t\t\t<div class=\"elementor-element elementor-element-7f16bf3 elementor-widget-divider--view-line elementor-widget elementor-widget-divider\" data-id=\"7f16bf3\" data-element_type=\"widget\" data-widget_type=\"divider.default\">\n\t\t\t\t<div class=\"elementor-widget-container\">\n\t\t\t\t\t<div class=\"elementor-divider\">\n\t\t\t<span class=\"elementor-divider-separator\">\n\t\t\t\t\t\t<\/span>\n\t\t<\/div>\n\t\t\t\t<\/div>\n\t\t\t\t<\/div>\n\t\t\t\t<div class=\"elementor-element elementor-element-28856b70 elementor-widget elementor-widget-elementskit-page-list\" data-id=\"28856b70\" data-element_type=\"widget\" data-widget_type=\"elementskit-page-list.default\">\n\t\t\t\t<div class=\"elementor-widget-container\">\n\t\t\t<div class=\"ekit-wid-con\" >\t\t<div class=\"elementor-icon-list-items \">\n\t\t\t\t\t\t\t<div class=\"elementor-icon-list-item   \" >\n\t\t\t\t\t<a  target=_blank rel=\"\"  href=\"https:\/\/crtrrj.gov.br\/transparencia\/planejamento\/planejamento-previsao-orcamentaria\/previsao-orcamentaria-2018\/\" class=\"elementor-repeater-item-2be0647 ekit_badge_left\">\n\t\t\t\t\t\t<div class=\"ekit_page_list_content\">\n\t\t\t\t\t\t\t\t\t\t\t\t\t\t<span class=\"elementor-icon-list-text\">\n\t\t\t\t\t\t\t\t<span class=\"ekit_page_list_title_title\">Previs\u00e3o Or\u00e7ament\u00e1ria-2018<\/span>\n\t\t\t\t\t\t\t\t\t\t\t\t\t\t\t<\/span>\n\t\t\t\t\t\t<\/div>\n\t\t\t\t\t\t\t\t\t\t\t<\/a>\n\t\t\t\t<\/div>\n\t\t\t\t\t\t\t\t<div class=\"elementor-icon-list-item   \" >\n\t\t\t\t\t<a  target=_blank rel=\"\"  href=\"https:\/\/crtrrj.gov.br\/transparencia\/planejamento\/planejamento-previsao-orcamentaria\/previsao-orcamentaria-2017\/\" class=\"elementor-repeater-item-ca6b8b4 ekit_badge_left\">\n\t\t\t\t\t\t<div class=\"ekit_page_list_content\">\n\t\t\t\t\t\t\t\t\t\t\t\t\t\t<span class=\"elementor-icon-list-text\">\n\t\t\t\t\t\t\t\t<span class=\"ekit_page_list_title_title\">Previs\u00e3o Or\u00e7ament\u00e1ria-2017<\/span>\n\t\t\t\t\t\t\t\t\t\t\t\t\t\t\t<\/span>\n\t\t\t\t\t\t<\/div>\n\t\t\t\t\t\t\t\t\t\t\t<\/a>\n\t\t\t\t<\/div>\n\t\t\t\t\t\t\t\t<div class=\"elementor-icon-list-item   \" >\n\t\t\t\t\t<a  target=_blank rel=\"\"  href=\"https:\/\/crtrrj.gov.br\/transparencia\/planejamento\/planejamento-previsao-orcamentaria\/previsao-orcamentaria-2016\/\" class=\"elementor-repeater-item-8f79d43 ekit_badge_left\">\n\t\t\t\t\t\t<div class=\"ekit_page_list_content\">\n\t\t\t\t\t\t\t\t\t\t\t\t\t\t<span class=\"elementor-icon-list-text\">\n\t\t\t\t\t\t\t\t<span class=\"ekit_page_list_title_title\">Previs\u00e3o Or\u00e7ament\u00e1ria-2016<\/span>\n\t\t\t\t\t\t\t\t\t\t\t\t\t\t\t<\/span>\n\t\t\t\t\t\t<\/div>\n\t\t\t\t\t\t\t\t\t\t\t<\/a>\n\t\t\t\t<\/div>\n\t\t\t\t\t\t<\/div>\n\t\t<\/div>\t\t<\/div>\n\t\t\t\t<\/div>\n\t\t\t\t\t\t<\/div>\n\t\t\t\t\t<\/div>\n\t\t<\/div>\n\t\t\t\t\t\t\t\t<\/div>\n\t\t\t\t\t<\/div>\n\t\t<\/section>\n\t\t\t\t\t\t\t\t\t<\/div>\n\t\t\t<\/div>\n\t\t\t\t\t<\/div>\n\t\t","protected":false},"excerpt":{"rendered":"<p>Previs\u00e3o Or\u00e7ament\u00e1ria &#8211; 2026 Proposta Or\u00e7ament\u00e1ria 2026 Resolu\u00e7\u00e3o CONTER n\u00ba 16, 24-12-2025 &#8211; Aprova\u00e7\u00e3o Proposta Or\u00e7ament\u00e1ria 2026 Previs\u00e3o Or\u00e7ament\u00e1ria &#8211; 2025 Proposta Or\u00e7ament\u00e1ria &#8211; Exerc\u00edcio 2025 Res.CONTER_08.24 &#8211; Aprova\u00e7\u00e3o Proposta Or\u00e7amet\u00e1ria 2025 Previs\u00e3o Or\u00e7ament\u00e1ria &#8211; 2024 Proposta Or\u00e7ament\u00e1ria &#8211; Exerc\u00edcio 2024 PROPOSTA OR\u00c7AMENTARIA 2024 Res.conter_30.23 &#8211; Aprova\u00e7\u00e3o Proposta Or\u00e7amentaria 2024 Previs\u00e3o Or\u00e7ament\u00e1ria &#8211; 2023 Proposta [&hellip;]<\/p>\n","protected":false},"author":2,"featured_media":0,"parent":92,"menu_order":0,"comment_status":"closed","ping_status":"closed","template":"","meta":{"footnotes":""},"class_list":["post-4123","page","type-page","status-publish","hentry"],"acf":[],"_links":{"self":[{"href":"https:\/\/crtrrj.gov.br\/transparencia\/wp-json\/wp\/v2\/pages\/4123","targetHints":{"allow":["GET"]}}],"collection":[{"href":"https:\/\/crtrrj.gov.br\/transparencia\/wp-json\/wp\/v2\/pages"}],"about":[{"href":"https:\/\/crtrrj.gov.br\/transparencia\/wp-json\/wp\/v2\/types\/page"}],"author":[{"embeddable":true,"href":"https:\/\/crtrrj.gov.br\/transparencia\/wp-json\/wp\/v2\/users\/2"}],"replies":[{"embeddable":true,"href":"https:\/\/crtrrj.gov.br\/transparencia\/wp-json\/wp\/v2\/comments?post=4123"}],"version-history":[{"count":37,"href":"https:\/\/crtrrj.gov.br\/transparencia\/wp-json\/wp\/v2\/pages\/4123\/revisions"}],"predecessor-version":[{"id":48952,"href":"https:\/\/crtrrj.gov.br\/transparencia\/wp-json\/wp\/v2\/pages\/4123\/revisions\/48952"}],"up":[{"embeddable":true,"href":"https:\/\/crtrrj.gov.br\/transparencia\/wp-json\/wp\/v2\/pages\/92"}],"wp:attachment":[{"href":"https:\/\/crtrrj.gov.br\/transparencia\/wp-json\/wp\/v2\/media?parent=4123"}],"curies":[{"name":"wp","href":"https:\/\/api.w.org\/{rel}","templated":true}]}}