{"id":4150,"date":"2020-12-07T13:25:30","date_gmt":"2020-12-07T13:25:30","guid":{"rendered":"https:\/\/crtrrj.gov.br\/transparencia\/2020\/?page_id=4150"},"modified":"2025-06-24T19:07:52","modified_gmt":"2025-06-24T19:07:52","slug":"viagens-passagens-aereas","status":"publish","type":"page","link":"https:\/\/crtrrj.gov.br\/transparencia\/viagens\/viagens-passagens-aereas\/","title":{"rendered":"VIAGENS PASSAGENS A\u00c9REAS"},"content":{"rendered":"\t\t<div data-elementor-type=\"wp-page\" data-elementor-id=\"4150\" class=\"elementor elementor-4150\">\n\t\t\t\t\t\t<div class=\"elementor-inner\">\n\t\t\t\t<div class=\"elementor-section-wrap\">\n\t\t\t\t\t\t\t\t\t<section class=\"elementor-section elementor-top-section elementor-element elementor-element-3af9b4f8 elementor-section-height-min-height elementor-section-boxed elementor-section-height-default elementor-section-items-middle\" data-id=\"3af9b4f8\" data-element_type=\"section\" data-settings=\"{&quot;background_background&quot;:&quot;classic&quot;}\">\n\t\t\t\t\t\t<div class=\"elementor-container elementor-column-gap-default\">\n\t\t\t\t\t\t\t<div class=\"elementor-row\">\n\t\t\t\t\t<div class=\"elementor-column elementor-col-100 elementor-top-column elementor-element elementor-element-396d3154\" data-id=\"396d3154\" data-element_type=\"column\">\n\t\t\t<div class=\"elementor-column-wrap elementor-element-populated\">\n\t\t\t\t\t\t\t<div class=\"elementor-widget-wrap\">\n\t\t\t\t\t\t\t\t<\/div>\n\t\t\t\t\t<\/div>\n\t\t<\/div>\n\t\t\t\t\t\t\t\t<\/div>\n\t\t\t\t\t<\/div>\n\t\t<\/section>\n\t\t\t\t<section class=\"elementor-section elementor-top-section elementor-element elementor-element-c72ff20 elementor-section-boxed elementor-section-height-default elementor-section-height-default\" data-id=\"c72ff20\" data-element_type=\"section\">\n\t\t\t\t\t\t<div class=\"elementor-container elementor-column-gap-default\">\n\t\t\t\t\t\t\t<div class=\"elementor-row\">\n\t\t\t\t\t<div class=\"elementor-column elementor-col-100 elementor-top-column elementor-element elementor-element-d5d1012\" data-id=\"d5d1012\" data-element_type=\"column\">\n\t\t\t<div class=\"elementor-column-wrap elementor-element-populated\">\n\t\t\t\t\t\t\t<div class=\"elementor-widget-wrap\">\n\t\t\t\t\t\t<div class=\"elementor-element elementor-element-ec1d7d4 elementor-widget elementor-widget-heading\" data-id=\"ec1d7d4\" data-element_type=\"widget\" data-widget_type=\"heading.default\">\n\t\t\t\t<div class=\"elementor-widget-container\">\n\t\t\t<h4 class=\"elementor-heading-title elementor-size-default\"><a href=\"https:\/\/crtrrj.gov.br\/transparencia\/wp-content\/uploads\/2025\/06\/DESPESAS-PASSAGENS-AEREAS-2025.csv\">Despesas passagens a\u00e9reas - 2025<\/a><\/h4>\t\t<\/div>\n\t\t\t\t<\/div>\n\t\t\t\t<div class=\"elementor-element elementor-element-ed5aaf3 elementor-widget-divider--view-line elementor-widget elementor-widget-divider\" data-id=\"ed5aaf3\" data-element_type=\"widget\" data-widget_type=\"divider.default\">\n\t\t\t\t<div class=\"elementor-widget-container\">\n\t\t\t\t\t<div class=\"elementor-divider\">\n\t\t\t<span class=\"elementor-divider-separator\">\n\t\t\t\t\t\t<\/span>\n\t\t<\/div>\n\t\t\t\t<\/div>\n\t\t\t\t<\/div>\n\t\t\t\t<div class=\"elementor-element elementor-element-de505fe elementor-widget elementor-widget-heading\" data-id=\"de505fe\" data-element_type=\"widget\" data-widget_type=\"heading.default\">\n\t\t\t\t<div class=\"elementor-widget-container\">\n\t\t\t<h4 class=\"elementor-heading-title elementor-size-default\"><a href=\"https:\/\/crtrrj.gov.br\/transparencia\/wp-content\/uploads\/2024\/12\/Despesas-passagens-aereas-2021-a-10_2024.csv\">Despesas passagens a\u00e9reas - 2024<\/a><\/h4>\t\t<\/div>\n\t\t\t\t<\/div>\n\t\t\t\t<div class=\"elementor-element elementor-element-f447d61 elementor-widget-divider--view-line elementor-widget elementor-widget-divider\" data-id=\"f447d61\" data-element_type=\"widget\" data-widget_type=\"divider.default\">\n\t\t\t\t<div class=\"elementor-widget-container\">\n\t\t\t\t\t<div class=\"elementor-divider\">\n\t\t\t<span class=\"elementor-divider-separator\">\n\t\t\t\t\t\t<\/span>\n\t\t<\/div>\n\t\t\t\t<\/div>\n\t\t\t\t<\/div>\n\t\t\t\t<div class=\"elementor-element elementor-element-c04b0f8 elementor-widget elementor-widget-heading\" data-id=\"c04b0f8\" data-element_type=\"widget\" data-widget_type=\"heading.default\">\n\t\t\t\t<div class=\"elementor-widget-container\">\n\t\t\t<h4 class=\"elementor-heading-title elementor-size-default\"><a href=\"https:\/\/crtrrj.gov.br\/transparencia\/wp-content\/uploads\/2024\/06\/Despesas-passagens-aereas-2023.pdf\">Despesas passagens a\u00e9reas - 2023<\/a><\/h4>\t\t<\/div>\n\t\t\t\t<\/div>\n\t\t\t\t<div class=\"elementor-element elementor-element-c795d5d elementor-widget-divider--view-line elementor-widget elementor-widget-divider\" data-id=\"c795d5d\" data-element_type=\"widget\" data-widget_type=\"divider.default\">\n\t\t\t\t<div class=\"elementor-widget-container\">\n\t\t\t\t\t<div class=\"elementor-divider\">\n\t\t\t<span class=\"elementor-divider-separator\">\n\t\t\t\t\t\t<\/span>\n\t\t<\/div>\n\t\t\t\t<\/div>\n\t\t\t\t<\/div>\n\t\t\t\t<div class=\"elementor-element elementor-element-f67ebfe elementor-widget elementor-widget-heading\" data-id=\"f67ebfe\" data-element_type=\"widget\" data-widget_type=\"heading.default\">\n\t\t\t\t<div class=\"elementor-widget-container\">\n\t\t\t<h4 class=\"elementor-heading-title elementor-size-default\"><a href=\"https:\/\/crtrrj.gov.br\/transparencia\/wp-content\/uploads\/2024\/06\/Despesas-passagens-aereas-2022.pdf\">Despesas passagens a\u00e9reas - 2022<\/a><\/h4>\t\t<\/div>\n\t\t\t\t<\/div>\n\t\t\t\t<div class=\"elementor-element elementor-element-a6a2df2 elementor-widget-divider--view-line elementor-widget elementor-widget-divider\" data-id=\"a6a2df2\" data-element_type=\"widget\" data-widget_type=\"divider.default\">\n\t\t\t\t<div class=\"elementor-widget-container\">\n\t\t\t\t\t<div class=\"elementor-divider\">\n\t\t\t<span class=\"elementor-divider-separator\">\n\t\t\t\t\t\t<\/span>\n\t\t<\/div>\n\t\t\t\t<\/div>\n\t\t\t\t<\/div>\n\t\t\t\t<div class=\"elementor-element elementor-element-71e4ba4 elementor-widget elementor-widget-heading\" data-id=\"71e4ba4\" data-element_type=\"widget\" data-widget_type=\"heading.default\">\n\t\t\t\t<div class=\"elementor-widget-container\">\n\t\t\t<h4 class=\"elementor-heading-title elementor-size-default\"><a href=\"https:\/\/crtrrj.gov.br\/transparencia\/wp-content\/uploads\/2024\/06\/Despesas-passagens-aereas-2021.pdf\">Despesas passagens a\u00e9reas - 2021<\/a><\/h4>\t\t<\/div>\n\t\t\t\t<\/div>\n\t\t\t\t<div class=\"elementor-element elementor-element-e559f26 elementor-widget-divider--view-line elementor-widget elementor-widget-divider\" data-id=\"e559f26\" data-element_type=\"widget\" data-widget_type=\"divider.default\">\n\t\t\t\t<div class=\"elementor-widget-container\">\n\t\t\t\t\t<div class=\"elementor-divider\">\n\t\t\t<span class=\"elementor-divider-separator\">\n\t\t\t\t\t\t<\/span>\n\t\t<\/div>\n\t\t\t\t<\/div>\n\t\t\t\t<\/div>\n\t\t\t\t\t\t<\/div>\n\t\t\t\t\t<\/div>\n\t\t<\/div>\n\t\t\t\t\t\t\t\t<\/div>\n\t\t\t\t\t<\/div>\n\t\t<\/section>\n\t\t\t\t<section class=\"elementor-section elementor-top-section elementor-element elementor-element-95bd0de elementor-section-boxed elementor-section-height-default elementor-section-height-default\" data-id=\"95bd0de\" data-element_type=\"section\">\n\t\t\t\t\t\t<div class=\"elementor-container elementor-column-gap-default\">\n\t\t\t\t\t\t\t<div class=\"elementor-row\">\n\t\t\t\t\t<div class=\"elementor-column elementor-col-100 elementor-top-column elementor-element elementor-element-d9083a3\" data-id=\"d9083a3\" data-element_type=\"column\">\n\t\t\t<div class=\"elementor-column-wrap elementor-element-populated\">\n\t\t\t\t\t\t\t<div class=\"elementor-widget-wrap\">\n\t\t\t\t\t\t<div class=\"elementor-element elementor-element-e74ac79 elementor-grid-1 elementor-posts--thumbnail-top elementor-grid-tablet-2 elementor-grid-mobile-1 elementor-widget elementor-widget-posts\" data-id=\"e74ac79\" data-element_type=\"widget\" data-settings=\"{&quot;custom_columns&quot;:&quot;1&quot;,&quot;custom_columns_tablet&quot;:&quot;2&quot;,&quot;custom_columns_mobile&quot;:&quot;1&quot;,&quot;custom_row_gap&quot;:{&quot;unit&quot;:&quot;px&quot;,&quot;size&quot;:35,&quot;sizes&quot;:[]},&quot;custom_row_gap_tablet&quot;:{&quot;unit&quot;:&quot;px&quot;,&quot;size&quot;:&quot;&quot;,&quot;sizes&quot;:[]},&quot;custom_row_gap_mobile&quot;:{&quot;unit&quot;:&quot;px&quot;,&quot;size&quot;:&quot;&quot;,&quot;sizes&quot;:[]}}\" data-widget_type=\"posts.custom\">\n\t\t\t\t<div class=\"elementor-widget-container\">\n\t\t\t      <div class=\"ecs-posts elementor-posts-container elementor-posts   elementor-grid elementor-posts--skin-custom\" data-settings=\"{&quot;current_page&quot;:1,&quot;max_num_pages&quot;:1,&quot;load_method&quot;:&quot;&quot;,&quot;widget_id&quot;:&quot;e74ac79&quot;,&quot;post_id&quot;:4150,&quot;theme_id&quot;:4150,&quot;change_url&quot;:false,&quot;reinit_js&quot;:false}\">\n      \t\t<article id=\"post-6637\" class=\"elementor-post elementor-grid-item ecs-post-loop post-6637 post type-post status-publish format-standard hentry category-2018-viagens-passagens-aereas category-viagens-passagens-aereas\">\n\t\t\t\t<div data-elementor-type=\"loop\" data-elementor-id=\"11776\" class=\"elementor elementor-11776 post-6637 post type-post status-publish format-standard hentry category-2018-viagens-passagens-aereas category-viagens-passagens-aereas\">\n\t\t\t\t\t<div class=\"elementor-section-wrap\">\n\t\t\t\t\t\t\t\t<section class=\"elementor-section elementor-top-section elementor-element elementor-element-47308d9d elementor-section-boxed elementor-section-height-default elementor-section-height-default\" data-id=\"47308d9d\" data-element_type=\"section\" data-settings=\"{&quot;background_background&quot;:&quot;classic&quot;}\">\n\t\t\t\t\t\t<div class=\"elementor-container elementor-column-gap-default\">\n\t\t\t\t\t\t\t<div class=\"elementor-row\">\n\t\t\t\t\t<div class=\"elementor-column elementor-col-100 elementor-top-column elementor-element elementor-element-7c84ef88\" data-id=\"7c84ef88\" data-element_type=\"column\">\n\t\t\t<div class=\"elementor-column-wrap elementor-element-populated\">\n\t\t\t\t\t\t\t<div class=\"elementor-widget-wrap\">\n\t\t\t\t\t\t<div class=\"elementor-element elementor-element-5b2bde90 elementor-widget elementor-widget-theme-post-title elementor-page-title elementor-widget-heading\" data-id=\"5b2bde90\" data-element_type=\"widget\" data-widget_type=\"theme-post-title.default\">\n\t\t\t\t<div class=\"elementor-widget-container\">\n\t\t\t<h6 class=\"elementor-heading-title elementor-size-medium\"><a href=\"https:\/\/crtrrj.gov.br\/transparencia\/wp-content\/uploads\/2020\/12\/Passagens_A__reas_2018.pdf\">Passagens A\u00e9reas 2018<\/a><\/h6>\t\t<\/div>\n\t\t\t\t<\/div>\n\t\t\t\t<div class=\"elementor-element elementor-element-b5090c7 elementor-widget-divider--view-line elementor-widget elementor-widget-divider\" data-id=\"b5090c7\" data-element_type=\"widget\" data-widget_type=\"divider.default\">\n\t\t\t\t<div class=\"elementor-widget-container\">\n\t\t\t\t\t<div class=\"elementor-divider\">\n\t\t\t<span class=\"elementor-divider-separator\">\n\t\t\t\t\t\t<\/span>\n\t\t<\/div>\n\t\t\t\t<\/div>\n\t\t\t\t<\/div>\n\t\t\t\t\t\t<\/div>\n\t\t\t\t\t<\/div>\n\t\t<\/div>\n\t\t\t\t\t\t\t\t<\/div>\n\t\t\t\t\t<\/div>\n\t\t<\/section>\n\t\t\t\t\t\t\t<\/div>\n\t\t\t\t<\/div>\n\t\t\t\t<\/article>\n\t\t\t\t<article id=\"post-6626\" class=\"elementor-post elementor-grid-item ecs-post-loop post-6626 post type-post status-publish format-standard hentry category-2017-viagens-passagens-aereas category-viagens-passagens-aereas\">\n\t\t\t\t<div data-elementor-type=\"loop\" data-elementor-id=\"11776\" class=\"elementor elementor-11776 post-6626 post type-post status-publish format-standard hentry category-2017-viagens-passagens-aereas category-viagens-passagens-aereas\">\n\t\t\t\t\t<div class=\"elementor-section-wrap\">\n\t\t\t\t\t\t\t\t<section class=\"elementor-section elementor-top-section elementor-element elementor-element-47308d9d elementor-section-boxed elementor-section-height-default elementor-section-height-default\" data-id=\"47308d9d\" data-element_type=\"section\" data-settings=\"{&quot;background_background&quot;:&quot;classic&quot;}\">\n\t\t\t\t\t\t<div class=\"elementor-container elementor-column-gap-default\">\n\t\t\t\t\t\t\t<div class=\"elementor-row\">\n\t\t\t\t\t<div class=\"elementor-column elementor-col-100 elementor-top-column elementor-element elementor-element-7c84ef88\" data-id=\"7c84ef88\" data-element_type=\"column\">\n\t\t\t<div class=\"elementor-column-wrap elementor-element-populated\">\n\t\t\t\t\t\t\t<div class=\"elementor-widget-wrap\">\n\t\t\t\t\t\t<div class=\"elementor-element elementor-element-5b2bde90 elementor-widget elementor-widget-theme-post-title elementor-page-title elementor-widget-heading\" data-id=\"5b2bde90\" data-element_type=\"widget\" data-widget_type=\"theme-post-title.default\">\n\t\t\t\t<div class=\"elementor-widget-container\">\n\t\t\t<h6 class=\"elementor-heading-title elementor-size-medium\"><a href=\"https:\/\/crtrrj.gov.br\/transparencia\/wp-content\/uploads\/2020\/12\/Passagens_A__reas_2017.pdf\">Passagens A\u00e9reas 2017<\/a><\/h6>\t\t<\/div>\n\t\t\t\t<\/div>\n\t\t\t\t<div class=\"elementor-element elementor-element-b5090c7 elementor-widget-divider--view-line elementor-widget elementor-widget-divider\" data-id=\"b5090c7\" data-element_type=\"widget\" data-widget_type=\"divider.default\">\n\t\t\t\t<div class=\"elementor-widget-container\">\n\t\t\t\t\t<div class=\"elementor-divider\">\n\t\t\t<span class=\"elementor-divider-separator\">\n\t\t\t\t\t\t<\/span>\n\t\t<\/div>\n\t\t\t\t<\/div>\n\t\t\t\t<\/div>\n\t\t\t\t\t\t<\/div>\n\t\t\t\t\t<\/div>\n\t\t<\/div>\n\t\t\t\t\t\t\t\t<\/div>\n\t\t\t\t\t<\/div>\n\t\t<\/section>\n\t\t\t\t\t\t\t<\/div>\n\t\t\t\t<\/div>\n\t\t\t\t<\/article>\n\t\t\t\t<\/div>\n\t\t\t\t<\/div>\n\t\t\t\t<\/div>\n\t\t\t\t\t\t<\/div>\n\t\t\t\t\t<\/div>\n\t\t<\/div>\n\t\t\t\t\t\t\t\t<\/div>\n\t\t\t\t\t<\/div>\n\t\t<\/section>\n\t\t\t\t\t\t\t\t\t<\/div>\n\t\t\t<\/div>\n\t\t\t\t\t<\/div>\n\t\t","protected":false},"excerpt":{"rendered":"<p>Despesas passagens a\u00e9reas &#8211; 2025 Despesas passagens a\u00e9reas &#8211; 2024 Despesas passagens a\u00e9reas &#8211; 2023 Despesas passagens a\u00e9reas &#8211; 2022 Despesas passagens a\u00e9reas &#8211; 2021<\/p>\n","protected":false},"author":2,"featured_media":0,"parent":73,"menu_order":0,"comment_status":"closed","ping_status":"closed","template":"","meta":{"footnotes":""},"class_list":["post-4150","page","type-page","status-publish","hentry"],"acf":[],"_links":{"self":[{"href":"https:\/\/crtrrj.gov.br\/transparencia\/wp-json\/wp\/v2\/pages\/4150","targetHints":{"allow":["GET"]}}],"collection":[{"href":"https:\/\/crtrrj.gov.br\/transparencia\/wp-json\/wp\/v2\/pages"}],"about":[{"href":"https:\/\/crtrrj.gov.br\/transparencia\/wp-json\/wp\/v2\/types\/page"}],"author":[{"embeddable":true,"href":"https:\/\/crtrrj.gov.br\/transparencia\/wp-json\/wp\/v2\/users\/2"}],"replies":[{"embeddable":true,"href":"https:\/\/crtrrj.gov.br\/transparencia\/wp-json\/wp\/v2\/comments?post=4150"}],"version-history":[{"count":33,"href":"https:\/\/crtrrj.gov.br\/transparencia\/wp-json\/wp\/v2\/pages\/4150\/revisions"}],"predecessor-version":[{"id":48675,"href":"https:\/\/crtrrj.gov.br\/transparencia\/wp-json\/wp\/v2\/pages\/4150\/revisions\/48675"}],"up":[{"embeddable":true,"href":"https:\/\/crtrrj.gov.br\/transparencia\/wp-json\/wp\/v2\/pages\/73"}],"wp:attachment":[{"href":"https:\/\/crtrrj.gov.br\/transparencia\/wp-json\/wp\/v2\/media?parent=4150"}],"curies":[{"name":"wp","href":"https:\/\/api.w.org\/{rel}","templated":true}]}}