{"id":47345,"date":"2024-02-26T22:36:34","date_gmt":"2024-02-26T22:36:34","guid":{"rendered":"https:\/\/crtrrj.gov.br\/transparencia\/?page_id=47345"},"modified":"2024-07-30T19:38:58","modified_gmt":"2024-07-30T19:38:58","slug":"prestacao-de-contas-2021","status":"publish","type":"page","link":"https:\/\/crtrrj.gov.br\/transparencia\/prestacao-de-contas-2021\/","title":{"rendered":"Presta\u00e7\u00e3o de Contas 2021"},"content":{"rendered":"\t\t<div data-elementor-type=\"wp-page\" data-elementor-id=\"47345\" class=\"elementor elementor-47345\">\n\t\t\t\t\t\t<div class=\"elementor-inner\">\n\t\t\t\t<div class=\"elementor-section-wrap\">\n\t\t\t\t\t\t\t\t\t<section class=\"elementor-section elementor-top-section elementor-element elementor-element-e1e4c3a elementor-section-height-min-height elementor-section-boxed elementor-section-height-default elementor-section-items-middle\" data-id=\"e1e4c3a\" data-element_type=\"section\" data-settings=\"{&quot;background_background&quot;:&quot;classic&quot;}\">\n\t\t\t\t\t\t<div class=\"elementor-container elementor-column-gap-default\">\n\t\t\t\t\t\t\t<div class=\"elementor-row\">\n\t\t\t\t\t<div class=\"elementor-column elementor-col-100 elementor-top-column elementor-element elementor-element-22eab2f\" data-id=\"22eab2f\" data-element_type=\"column\">\n\t\t\t<div class=\"elementor-column-wrap elementor-element-populated\">\n\t\t\t\t\t\t\t<div class=\"elementor-widget-wrap\">\n\t\t\t\t\t\t\t\t<\/div>\n\t\t\t\t\t<\/div>\n\t\t<\/div>\n\t\t\t\t\t\t\t\t<\/div>\n\t\t\t\t\t<\/div>\n\t\t<\/section>\n\t\t\t\t<section class=\"elementor-section elementor-top-section elementor-element elementor-element-7c29435 elementor-section-boxed elementor-section-height-default elementor-section-height-default\" data-id=\"7c29435\" data-element_type=\"section\">\n\t\t\t\t\t\t<div class=\"elementor-container elementor-column-gap-default\">\n\t\t\t\t\t\t\t<div class=\"elementor-row\">\n\t\t\t\t\t<div class=\"elementor-column elementor-col-100 elementor-top-column elementor-element elementor-element-f51ab35\" data-id=\"f51ab35\" data-element_type=\"column\">\n\t\t\t<div class=\"elementor-column-wrap elementor-element-populated\">\n\t\t\t\t\t\t\t<div class=\"elementor-widget-wrap\">\n\t\t\t\t\t\t<div class=\"elementor-element elementor-element-8de1813 elementor-tabs-view-vertical elementor-widget elementor-widget-tabs\" data-id=\"8de1813\" data-element_type=\"widget\" data-widget_type=\"tabs.default\">\n\t\t\t\t<div class=\"elementor-widget-container\">\n\t\t\t\t\t<div class=\"elementor-tabs\">\n\t\t\t<div class=\"elementor-tabs-wrapper\" role=\"tablist\" >\n\t\t\t\t\t\t\t\t\t<div id=\"elementor-tab-title-1481\" class=\"elementor-tab-title elementor-tab-desktop-title\" aria-selected=\"true\" data-tab=\"1\" role=\"tab\" tabindex=\"0\" aria-controls=\"elementor-tab-content-1481\" aria-expanded=\"false\">JANEIRO<\/div>\n\t\t\t\t\t\t\t\t\t<div id=\"elementor-tab-title-1482\" class=\"elementor-tab-title elementor-tab-desktop-title\" aria-selected=\"false\" data-tab=\"2\" role=\"tab\" tabindex=\"-1\" aria-controls=\"elementor-tab-content-1482\" aria-expanded=\"false\">FEVEREIRO<\/div>\n\t\t\t\t\t\t\t\t\t<div id=\"elementor-tab-title-1483\" class=\"elementor-tab-title elementor-tab-desktop-title\" aria-selected=\"false\" data-tab=\"3\" role=\"tab\" tabindex=\"-1\" aria-controls=\"elementor-tab-content-1483\" aria-expanded=\"false\">MAR\u00c7O<\/div>\n\t\t\t\t\t\t\t\t\t<div id=\"elementor-tab-title-1484\" class=\"elementor-tab-title elementor-tab-desktop-title\" aria-selected=\"false\" data-tab=\"4\" role=\"tab\" tabindex=\"-1\" aria-controls=\"elementor-tab-content-1484\" aria-expanded=\"false\">JULHO<\/div>\n\t\t\t\t\t\t\t\t\t<div id=\"elementor-tab-title-1485\" class=\"elementor-tab-title elementor-tab-desktop-title\" aria-selected=\"false\" data-tab=\"5\" role=\"tab\" tabindex=\"-1\" aria-controls=\"elementor-tab-content-1485\" aria-expanded=\"false\">AGOSTO<\/div>\n\t\t\t\t\t\t\t\t\t<div id=\"elementor-tab-title-1486\" class=\"elementor-tab-title elementor-tab-desktop-title\" aria-selected=\"false\" data-tab=\"6\" role=\"tab\" tabindex=\"-1\" aria-controls=\"elementor-tab-content-1486\" aria-expanded=\"false\">SETEMBRO<\/div>\n\t\t\t\t\t\t\t\t\t<div id=\"elementor-tab-title-1487\" class=\"elementor-tab-title elementor-tab-desktop-title\" aria-selected=\"false\" data-tab=\"7\" role=\"tab\" tabindex=\"-1\" aria-controls=\"elementor-tab-content-1487\" aria-expanded=\"false\">OUTUBRO<\/div>\n\t\t\t\t\t\t\t\t\t<div id=\"elementor-tab-title-1488\" class=\"elementor-tab-title elementor-tab-desktop-title\" aria-selected=\"false\" data-tab=\"8\" role=\"tab\" tabindex=\"-1\" aria-controls=\"elementor-tab-content-1488\" aria-expanded=\"false\">NOVEMBRO<\/div>\n\t\t\t\t\t\t\t\t\t<div id=\"elementor-tab-title-1489\" class=\"elementor-tab-title elementor-tab-desktop-title\" aria-selected=\"false\" data-tab=\"9\" role=\"tab\" tabindex=\"-1\" aria-controls=\"elementor-tab-content-1489\" aria-expanded=\"false\">DEZEMBRO<\/div>\n\t\t\t\t\t\t\t<\/div>\n\t\t\t<div class=\"elementor-tabs-content-wrapper\" role=\"tablist\" aria-orientation=\"vertical\">\n\t\t\t\t\t\t\t\t\t<div class=\"elementor-tab-title elementor-tab-mobile-title\" aria-selected=\"true\" data-tab=\"1\" role=\"tab\" tabindex=\"0\" aria-controls=\"elementor-tab-content-1481\" aria-expanded=\"false\">JANEIRO<\/div>\n\t\t\t\t\t<div id=\"elementor-tab-content-1481\" class=\"elementor-tab-content elementor-clearfix\" data-tab=\"1\" role=\"tabpanel\" aria-labelledby=\"elementor-tab-title-1481\" tabindex=\"0\" hidden=\"false\"><p><a href=\"https:\/\/crtrrj.gov.br\/transparencia\/wp-content\/uploads\/2024\/07\/BALANCO-FINANCEIRO-COMPARADO-2020-2021.pdf\">BALAN\u00c7O FINANCEIRO COMPARADO &#8211; 2020 -2021<\/a><\/p><p><a href=\"https:\/\/crtrrj.gov.br\/transparencia\/wp-content\/uploads\/2024\/07\/DEMONSTRACAO-DOS-FLUXOS-DE-CAIXA-JANEIRO-2021.pdf\">DEMONSTRA\u00c7\u00c3O DOS FLUXOS DE CAIXA &#8211; JANEIRO 2021<\/a><\/p><p><a href=\"https:\/\/crtrrj.gov.br\/transparencia\/wp-content\/uploads\/2024\/07\/BALANCETE-DE-VERIFICACAO-FINANCEIRO-JANEIRO-2021.pdf\">BALANCETE DE VERIFICA\u00c7\u00c3O FINANCEIRO &#8211; JANEIRO 2021<\/a><\/p><p><a href=\"https:\/\/crtrrj.gov.br\/transparencia\/wp-content\/uploads\/2024\/07\/DEMONSTRACAO-DAS-VARIACOES-PATRIMONIAIS-JANEIRO-2021.pdf\">DEMONSTRA\u00c7\u00c3O DAS VARIA\u00c7\u00d5ES PATRIMONIAIS &#8211; JANEIRO 2021<\/a><\/p><p><a href=\"https:\/\/crtrrj.gov.br\/transparencia\/wp-content\/uploads\/2024\/07\/BALANCO-PATRIMONIAL-COMPARADO-2020-JANEIRO-2021.pdf\">BALAN\u00c7O PATRIMONIAL COMPARADO &#8211; 2020 JANEIRO 2021<\/a><\/p><p><a href=\"https:\/\/crtrrj.gov.br\/transparencia\/wp-content\/uploads\/2024\/07\/BALANCETE-DE-VERIFICACAO-PATRIMONIAL-JANEIRO-2021.pdf\">BALANCETE DE VERIFICA\u00c7\u00c3O PATRIMONIAL &#8211; JANEIRO 2021<\/a><\/p><p><a href=\"https:\/\/crtrrj.gov.br\/transparencia\/wp-content\/uploads\/2024\/07\/BALANCETE-DE-VERIFICACAO-ORCAMENTARIO-JANEIRO2021.pdf\">BALANCETE DE VERIFICA\u00c7\u00c3O OR\u00c7AMENT\u00c1RIO &#8211; JANEIRO2021<\/a><\/p><\/div>\n\t\t\t\t\t\t\t\t\t<div class=\"elementor-tab-title elementor-tab-mobile-title\" aria-selected=\"false\" data-tab=\"2\" role=\"tab\" tabindex=\"-1\" aria-controls=\"elementor-tab-content-1482\" aria-expanded=\"false\">FEVEREIRO<\/div>\n\t\t\t\t\t<div id=\"elementor-tab-content-1482\" class=\"elementor-tab-content elementor-clearfix\" data-tab=\"2\" role=\"tabpanel\" aria-labelledby=\"elementor-tab-title-1482\" tabindex=\"0\" hidden=\"hidden\"><p><a href=\"https:\/\/crtrrj.gov.br\/transparencia\/wp-content\/uploads\/2024\/07\/BALANCO-FINANCEIRO-COMPARADO-2020-2021-1.pdf\">BALAN\u00c7O FINANCEIRO COMPARADO &#8211; 2020 2021<\/a><\/p><p><a href=\"https:\/\/crtrrj.gov.br\/transparencia\/wp-content\/uploads\/2024\/07\/DEMONSTRACAO-DOS-FLUXOS-DE-CAIXA-FEVEREIRO2021.pdf\">DEMONSTRA\u00c7\u00c3O DOS FLUXOS DE CAIXA &#8211; FEVEREIRO2021<\/a><\/p><p><a href=\"https:\/\/crtrrj.gov.br\/transparencia\/wp-content\/uploads\/2024\/07\/BALANCETE-DE-VERIFICACAO-FINANCEIRO-FEVEREIRO2021.pdf\">BALANCETE DE VERIFICA\u00c7\u00c3O FINANCEIRO &#8211; FEVEREIRO2021<\/a><\/p><p><a href=\"https:\/\/crtrrj.gov.br\/transparencia\/wp-content\/uploads\/2024\/07\/DEMONSTRACAO-DAS-VARIACOES-PATRIMONIAIS-FEVEREIRO2021.pdf\">DEMONSTRA\u00c7\u00c3O DAS VARIA\u00c7\u00d5ES PATRIMONIAIS &#8211; FEVEREIRO2021<\/a><\/p><p><a href=\"https:\/\/crtrrj.gov.br\/transparencia\/wp-content\/uploads\/2024\/07\/BALANCO-PATRIMONIAL-COMPARADO-2020-FEVEREIRO2021.pdf\">BALAN\u00c7O PATRIMONIAL COMPARADO &#8211; 2020 FEVEREIRO2021<\/a><\/p><p><a href=\"https:\/\/crtrrj.gov.br\/transparencia\/wp-content\/uploads\/2024\/07\/BALANCETE-DE-VERIFICACAO-PATRIMONIAL-FEVEREIRO2021.pdf\">BALANCETE DE VERIFICA\u00c7\u00c3O PATRIMONIAL &#8211; FEVEREIRO2021<\/a><\/p><p><a href=\"https:\/\/crtrrj.gov.br\/transparencia\/wp-content\/uploads\/2024\/07\/BALANCETE-DE-VERIFICACAO-ORCAMENTARIO-FEVEREIRO2021.pdf\">BALANCETE DE VERIFICA\u00c7\u00c3O OR\u00c7AMENT\u00c1RIO &#8211; FEVEREIRO2021<\/a><\/p><\/div>\n\t\t\t\t\t\t\t\t\t<div class=\"elementor-tab-title elementor-tab-mobile-title\" aria-selected=\"false\" data-tab=\"3\" role=\"tab\" tabindex=\"-1\" aria-controls=\"elementor-tab-content-1483\" aria-expanded=\"false\">MAR\u00c7O<\/div>\n\t\t\t\t\t<div id=\"elementor-tab-content-1483\" class=\"elementor-tab-content elementor-clearfix\" data-tab=\"3\" role=\"tabpanel\" aria-labelledby=\"elementor-tab-title-1483\" tabindex=\"0\" hidden=\"hidden\"><p><a href=\"https:\/\/crtrrj.gov.br\/transparencia\/wp-content\/uploads\/2024\/07\/BALANCO-PATRIMONIAL-COMPARADO-2020-MARCO2021.pdf\">BALAN\u00c7O PATRIMONIAL COMPARADO &#8211; 2020 MAR\u00c7O2021<\/a><\/p><p><a href=\"https:\/\/crtrrj.gov.br\/transparencia\/wp-content\/uploads\/2024\/07\/BALANCO-FINANCEIRO-COMPARADO-2020-2021-2.pdf\">BALAN\u00c7O FINANCEIRO COMPARADO &#8211; 2020 2021<\/a><\/p><p><a href=\"https:\/\/crtrrj.gov.br\/transparencia\/wp-content\/uploads\/2024\/07\/DEMONSTRACAO-DOS-FLUXOS-DE-CAIXA-MARCO2021.pdf\">DEMONSTRA\u00c7\u00c3O DOS FLUXOS DE CAIXA &#8211; MAR\u00c7O2021<\/a><\/p><p><a href=\"https:\/\/crtrrj.gov.br\/transparencia\/wp-content\/uploads\/2024\/07\/BALANCETE-DE-VERIFICACAO-FINANCEIRO-MARCO2021.pdf\">BALANCETE DE VERIFICA\u00c7\u00c3O FINANCEIRO &#8211; MAR\u00c7O2021<\/a><\/p><p><a href=\"https:\/\/crtrrj.gov.br\/transparencia\/wp-content\/uploads\/2024\/07\/DEMONSTRACAO-DAS-VARIACOES-PATRIMONIAIS-MARCO2021.pdf\">DEMONSTRA\u00c7\u00c3O DAS VARIA\u00c7\u00d5ES PATRIMONIAIS &#8211; MAR\u00c7O2021<\/a><\/p><p><a href=\"https:\/\/crtrrj.gov.br\/transparencia\/wp-content\/uploads\/2024\/07\/BALANCETE-DE-VERIFICACAO-PATRIMONIAL-MARCO2021.pdf\">BALANCETE DE VERIFICA\u00c7\u00c3O PATRIMONIAL &#8211; MAR\u00c7O2021<\/a><\/p><p><a href=\"https:\/\/crtrrj.gov.br\/transparencia\/wp-content\/uploads\/2024\/07\/BALANCETE-DE-VERIFICACAO-ORCAMENTARIO-MARCO2021.pdf\">BALANCETE DE VERIFICA\u00c7\u00c3O OR\u00c7AMENT\u00c1RIO &#8211; MAR\u00c7O2021<\/a><\/p><\/div>\n\t\t\t\t\t\t\t\t\t<div class=\"elementor-tab-title elementor-tab-mobile-title\" aria-selected=\"false\" data-tab=\"4\" role=\"tab\" tabindex=\"-1\" aria-controls=\"elementor-tab-content-1484\" aria-expanded=\"false\">JULHO<\/div>\n\t\t\t\t\t<div id=\"elementor-tab-content-1484\" class=\"elementor-tab-content elementor-clearfix\" data-tab=\"4\" role=\"tabpanel\" aria-labelledby=\"elementor-tab-title-1484\" tabindex=\"0\" hidden=\"hidden\"><p><a href=\"https:\/\/crtrrj.gov.br\/transparencia\/wp-content\/uploads\/2024\/02\/BALANCETE-DE-VERIFICACAO-FINANCEIRO-JULHO-2021.pdf\">BALANCETE DE VERIFICA\u00c7\u00c3O FINANCEIRO JULHO 2021<\/a><\/p><p><a href=\"https:\/\/crtrrj.gov.br\/transparencia\/wp-content\/uploads\/2024\/02\/BALANCETE-DE-VERIFICACAO-ORCAMENTARIO-JULHO-2021.pdf\">BALANCETE DE VERIFICA\u00c7\u00c3O OR\u00c7AMENT\u00c1RIO JULHO 2021<\/a><\/p><p><a href=\"https:\/\/crtrrj.gov.br\/transparencia\/wp-content\/uploads\/2024\/02\/BALANCETE-DE-VERIFICACAO-PATRIMONIAL-JULHO-2021.pdf\">BALANCETE DE VERIFICA\u00c7\u00c3O PATRIMONIAL JULHO 2021<\/a><\/p><p><a href=\"https:\/\/crtrrj.gov.br\/transparencia\/wp-content\/uploads\/2024\/02\/BALANCO-FINANCEIRO-COMPARADO-2020-2021.pdf\">BALAN\u00c7O FINANCEIRO COMPARADO 2020-2021<\/a><\/p><p><a href=\"https:\/\/crtrrj.gov.br\/transparencia\/wp-content\/uploads\/2024\/02\/BALANCO-PATRIMONIAL-COMPARADO-2020-JULHO-2021.pdf\">BALAN\u00c7O PATRIMONIAL COMPARADO 2020-JULHO 2021<\/a><\/p><p><a href=\"https:\/\/crtrrj.gov.br\/transparencia\/wp-content\/uploads\/2024\/02\/COMPARATIVO-DA-DESPESA-JULHO-2021.pdf\">COMPARATIVO DA DESPESA JULHO 2021<\/a><\/p><p><a href=\"https:\/\/crtrrj.gov.br\/transparencia\/wp-content\/uploads\/2024\/02\/COMPARATIVO-DA-RECEITA-JULHO-2021.pdf\">COMPARATIVO DA RECEITA JULHO 2021<\/a><\/p><p><a href=\"https:\/\/crtrrj.gov.br\/transparencia\/wp-content\/uploads\/2024\/02\/DEMONSTRACAO-DAS-VARIACOES-PATRIMONIAIS-JULHO-2021.pdf\">DEMONSTRA\u00c7\u00c3O DAS VARIA\u00c7\u00d5ES PATRIMONIAIS JULHO 2021<\/a><\/p><p><a href=\"https:\/\/crtrrj.gov.br\/transparencia\/wp-content\/uploads\/2024\/02\/DEMONSTRACAO-DOS-FLUXOS-DE-CAIXA-JULHO-2021.pdf\">DEMONSTRA\u00c7\u00c3O DOS FLUXOS DE CAIXA JULHO 2021<\/a><\/p><p><a href=\"https:\/\/crtrrj.gov.br\/transparencia\/wp-content\/uploads\/2024\/02\/DEMONSTRATIVOS-CONTABEIS-JULHO-2021.pdf\">DEMONSTRATIVOS CONT\u00c1BEIS JULHO 2021<\/a><\/p><\/div>\n\t\t\t\t\t\t\t\t\t<div class=\"elementor-tab-title elementor-tab-mobile-title\" aria-selected=\"false\" data-tab=\"5\" role=\"tab\" tabindex=\"-1\" aria-controls=\"elementor-tab-content-1485\" aria-expanded=\"false\">AGOSTO<\/div>\n\t\t\t\t\t<div id=\"elementor-tab-content-1485\" class=\"elementor-tab-content elementor-clearfix\" data-tab=\"5\" role=\"tabpanel\" aria-labelledby=\"elementor-tab-title-1485\" tabindex=\"0\" hidden=\"hidden\"><p><a href=\"https:\/\/crtrrj.gov.br\/transparencia\/wp-content\/uploads\/2024\/02\/BALANCETE-DE-VERIFICACAO-FINANCEIRO-AGOSTO-2021.pdf\">BALANCETE DE VERIFICA\u00c7\u00c3O FINANCEIRO AGOSTO 2021<\/a><\/p><p><a href=\"https:\/\/crtrrj.gov.br\/transparencia\/wp-content\/uploads\/2024\/02\/BALANCETE-DE-VERIFICACAO-ORCAMENTARIO-AGOSTO-2021.pdf\">BALANCETE DE VERIFICA\u00c7\u00c3O OR\u00c7AMENT\u00c1RIO AGOSTO 2021<\/a><\/p><p><a href=\"https:\/\/crtrrj.gov.br\/transparencia\/wp-content\/uploads\/2024\/02\/BALANCETE-DE-VERIFICACAO-PATRIMONIAL-AGOSTO-2021.pdf\">BALANCETE DE VERIFICA\u00c7\u00c3O PATRIMONIAL AGOSTO 2021<\/a><\/p><p><a href=\"https:\/\/crtrrj.gov.br\/transparencia\/wp-content\/uploads\/2024\/02\/BALANCO-FINANCEIRO-COMPARADO-2020-2021-1.pdf\">BALAN\u00c7O FINANCEIRO COMPARADO 2020-2021<\/a><\/p><p><a href=\"https:\/\/crtrrj.gov.br\/transparencia\/wp-content\/uploads\/2024\/02\/BALANCO-PATRIMONAL-COMPARADO-2020-AGOSTO-2021.pdf\">BALAN\u00c7O PATRIMONAL COMPARADO 2020-AGOSTO 2021<\/a><\/p><p><a href=\"https:\/\/crtrrj.gov.br\/transparencia\/wp-content\/uploads\/2024\/02\/COMPARATIVO-DA-DESPESA-AGOSTO-2021.pdf\">COMPARATIVO DA DESPESA AGOSTO 2021<\/a><\/p><p><a href=\"https:\/\/crtrrj.gov.br\/transparencia\/wp-content\/uploads\/2024\/02\/COMPARATIVO-DA-RECEITA-AGOSTO-2021.pdf\">COMPARATIVO DA RECEITA AGOSTO 2021<\/a><\/p><p><a href=\"https:\/\/crtrrj.gov.br\/transparencia\/wp-content\/uploads\/2024\/02\/DEMONSTRACAO-DAS-VARIACOES-PATRIMONIAIS-AGOSTO-2021-.pdf\">DEMONSTRA\u00c7\u00c3O DAS VARIA\u00c7\u00d5ES PATRIMONIAIS AGOSTO 2021<\/a><\/p><p><a href=\"https:\/\/crtrrj.gov.br\/transparencia\/wp-content\/uploads\/2024\/02\/DEMONSTRACAO-DOS-FLUXOS-DE-CAIXA-AGOSTO-2021-.pdf\">DEMONSTRA\u00c7\u00c3O DOS FLUXOS DE CAIXA AGOSTO 2021<\/a><\/p><p><a href=\"https:\/\/crtrrj.gov.br\/transparencia\/wp-content\/uploads\/2024\/02\/DEMONSTRATIVOS-CONTABEIS-AGOSTO-2021.pdf\">DEMONSTRATIVOS CONT\u00c1BEIS AGOSTO 2021<\/a><\/p><\/div>\n\t\t\t\t\t\t\t\t\t<div class=\"elementor-tab-title elementor-tab-mobile-title\" aria-selected=\"false\" data-tab=\"6\" role=\"tab\" tabindex=\"-1\" aria-controls=\"elementor-tab-content-1486\" aria-expanded=\"false\">SETEMBRO<\/div>\n\t\t\t\t\t<div id=\"elementor-tab-content-1486\" class=\"elementor-tab-content elementor-clearfix\" data-tab=\"6\" role=\"tabpanel\" aria-labelledby=\"elementor-tab-title-1486\" tabindex=\"0\" hidden=\"hidden\"><p><a href=\"https:\/\/crtrrj.gov.br\/transparencia\/wp-content\/uploads\/2024\/02\/BALANCETE-DE-VERIFICACAO-FINANCEIRO-SETEMBRO-2021.pdf\">BALANCETE DE VERIFICA\u00c7\u00c3O FINANCEIRO SETEMBRO 2021<\/a><\/p><p><a href=\"https:\/\/crtrrj.gov.br\/transparencia\/wp-content\/uploads\/2024\/02\/BALANCETE-DE-VERIFICACAO-ORCAMENTARIO-SETEMBRO-2021.pdf\">BALANCETE DE VERIFICA\u00c7\u00c3O OR\u00c7AMENT\u00c1RIO SETEMBRO 2021<\/a><\/p><p><a href=\"https:\/\/crtrrj.gov.br\/transparencia\/wp-content\/uploads\/2024\/02\/BALANCETE-DE-VERIFICACAO-PATRIMONIAL-SETEMBRO-2021.pdf\">BALANCETE DE VERIFICA\u00c7\u00c3O PATRIMONIAL SETEMBRO 2021<\/a><\/p><p><a href=\"https:\/\/crtrrj.gov.br\/transparencia\/wp-content\/uploads\/2024\/02\/BALANCO-FINANCEIRO-COMPARADO-2020-2021-2.pdf\">BALAN\u00c7O FINANCEIRO COMPARADO 2020-2021<\/a><\/p><p><a href=\"https:\/\/crtrrj.gov.br\/transparencia\/wp-content\/uploads\/2024\/02\/BALANCO-PATRIMONIAL-COMPARADO-2020-SETEMBRO-2021.pdf\">BALAN\u00c7O PATRIMONIAL COMPARADO 2020 SETEMBRO 2021<\/a><\/p><p><a href=\"https:\/\/crtrrj.gov.br\/transparencia\/wp-content\/uploads\/2024\/02\/COMPARATIVO-DA-DESPESA-SETEMBRO-2021.pdf\">COMPARATIVO DA DESPESA SETEMBRO 2021<\/a><\/p><p><a href=\"https:\/\/crtrrj.gov.br\/transparencia\/wp-content\/uploads\/2024\/02\/COMPARATIVO-DA-RECEITA-SETEMBRO-2021.pdf\">COMPARATIVO DA RECEITA SETEMBRO 2021<\/a><\/p><p><a href=\"https:\/\/crtrrj.gov.br\/transparencia\/wp-content\/uploads\/2024\/02\/DEMONSTRACAO-DAS-VARIACOES-PATRIMONIAIS-SETEMBRO-2021.pdf\">DEMONSTRA\u00c7\u00c3O DAS VARIA\u00c7\u00d5ES PATRIMONIAIS SETEMBRO 2021<\/a><\/p><p><a href=\"https:\/\/crtrrj.gov.br\/transparencia\/wp-content\/uploads\/2024\/02\/DEMONSTRACAO-DOS-FLUXOS-DE-CAIXA-SETEMBRO-2021.pdf\">DEMONSTRA\u00c7\u00c3O DOS FLUXOS DE CAIXA SETEMBRO 2021<\/a><\/p><p><a href=\"https:\/\/crtrrj.gov.br\/transparencia\/wp-content\/uploads\/2024\/02\/DEMONSTRATIVOS-CONTABEIS-SETEMBRO-2021_compressed.pdf\">DEMONSTRATIVOS CONT\u00c1BEIS SETEMBRO 2021<\/a><\/p><\/div>\n\t\t\t\t\t\t\t\t\t<div class=\"elementor-tab-title elementor-tab-mobile-title\" aria-selected=\"false\" data-tab=\"7\" role=\"tab\" tabindex=\"-1\" aria-controls=\"elementor-tab-content-1487\" aria-expanded=\"false\">OUTUBRO<\/div>\n\t\t\t\t\t<div id=\"elementor-tab-content-1487\" class=\"elementor-tab-content elementor-clearfix\" data-tab=\"7\" role=\"tabpanel\" aria-labelledby=\"elementor-tab-title-1487\" tabindex=\"0\" hidden=\"hidden\"><p><a href=\"https:\/\/crtrrj.gov.br\/transparencia\/wp-content\/uploads\/2024\/02\/BALANCETE-DE-VERIFICACAO-FINANCEIRO-OUTUBRO-2021.pdf\">BALANCETE DE VERIFICA\u00c7\u00c3O FINANCEIRO OUTUBRO 2021<\/a><\/p><p><a href=\"https:\/\/crtrrj.gov.br\/transparencia\/wp-content\/uploads\/2024\/02\/BALANCETE-DE-VERIFICACAO-ORCAMENTARIO-OUTUBRO-2021.pdf\">BALANCETE DE VERIFICA\u00c7\u00c3O OR\u00c7AMENT\u00c1RIO OUTUBRO 2021<\/a><\/p><p><a href=\"https:\/\/crtrrj.gov.br\/transparencia\/wp-content\/uploads\/2024\/02\/BALANCETE-DE-VERIIFICACAO-PATRIMONIAL-OUTUBRO-2021.pdf\">BALANCETE DE VERIIFICA\u00c7\u00c3O PATRIMONIAL OUTUBRO 2021<\/a><\/p><p><a href=\"https:\/\/crtrrj.gov.br\/transparencia\/wp-content\/uploads\/2024\/02\/BALANCO-FINANCEIRO-COMPARADO-2020-2021-3.pdf\">BALAN\u00c7O FINANCEIRO COMPARADO 2020 2021<\/a><\/p><p><a href=\"https:\/\/crtrrj.gov.br\/transparencia\/wp-content\/uploads\/2024\/02\/BALANCO-PATRIMONIAL-COMPARADO-2020-OUTUBRO-2021.pdf\">BALAN\u00c7O PATRIMONIAL COMPARADO 2020 OUTUBRO 2021<\/a><\/p><p><a href=\"https:\/\/crtrrj.gov.br\/transparencia\/wp-content\/uploads\/2024\/02\/COMPARATIVO-DA-DESPESA-OUTUBRO-2021.pdf\">COMPARATIVO DA DESPESA OUTUBRO 2021<\/a><\/p><p><a href=\"https:\/\/crtrrj.gov.br\/transparencia\/wp-content\/uploads\/2024\/02\/COMPARATIVO-DA-RECEITA-OUTUBRO-2021.pdf\">COMPARATIVO DA RECEITA OUTUBRO 2021<\/a><\/p><p><a href=\"https:\/\/crtrrj.gov.br\/transparencia\/wp-content\/uploads\/2024\/02\/DEMONSTRACAO-DAS-VARIACOES-PATRIMONIAIS-OUTUBRO-2021.pdf\">DEMONSTRA\u00c7\u00c3O DAS VARIA\u00c7\u00d5ES PATRIMONIAIS OUTUBRO 2021<\/a><\/p><p><a href=\"https:\/\/crtrrj.gov.br\/transparencia\/wp-content\/uploads\/2024\/02\/DEMONSTRACAO-DOS-FLUXOS-DE-CAIXA-OUTUBRO-2021.pdf\">DEMONSTRA\u00c7\u00c3O DOS FLUXOS DE CAIXA OUTUBRO 2021<\/a><\/p><p><a href=\"https:\/\/crtrrj.gov.br\/transparencia\/wp-content\/uploads\/2024\/02\/DEMONSTRATIVOS-CONTABEIS-OUTUBRO-2021.pdf\">DEMONSTRATIVOS CONT\u00c1BEIS OUTUBRO 2021<\/a><\/p><\/div>\n\t\t\t\t\t\t\t\t\t<div class=\"elementor-tab-title elementor-tab-mobile-title\" aria-selected=\"false\" data-tab=\"8\" role=\"tab\" tabindex=\"-1\" aria-controls=\"elementor-tab-content-1488\" aria-expanded=\"false\">NOVEMBRO<\/div>\n\t\t\t\t\t<div id=\"elementor-tab-content-1488\" class=\"elementor-tab-content elementor-clearfix\" data-tab=\"8\" role=\"tabpanel\" aria-labelledby=\"elementor-tab-title-1488\" tabindex=\"0\" hidden=\"hidden\"><p><a href=\"https:\/\/crtrrj.gov.br\/transparencia\/wp-content\/uploads\/2024\/02\/BALANCETE-DE-VERIFICACAO-FINANCEIRO-NOVEMBRO-2021.pdf\">BALANCETE DE VERIFICA\u00c7\u00c3O FINANCEIRO NOVEMBRO 2021<\/a><\/p><p><a href=\"https:\/\/crtrrj.gov.br\/transparencia\/wp-content\/uploads\/2024\/02\/BALANCETE-DE-VERIFICACAO-ORCAMENTARIO-NOVEMBRO-2021.pdf\">BALANCETE DE VERIFICA\u00c7\u00c3O OR\u00c7AMENT\u00c1RIO NOVEMBRO 2021<\/a><\/p><p><a href=\"https:\/\/crtrrj.gov.br\/transparencia\/wp-content\/uploads\/2024\/02\/BALANCETE-DE-VERIFICACAO-PATRIMONIAL-NOVEMBRO-2021.pdf\">BALANCETE DE VERIFICA\u00c7\u00c3O PATRIMONIAL NOVEMBRO 2021<\/a><\/p><p><a href=\"https:\/\/crtrrj.gov.br\/transparencia\/wp-content\/uploads\/2024\/02\/BALANCO-FINANCEIRO-COMPARADO-2020-2021-4.pdf\">BALAN\u00c7O FINANCEIRO COMPARADO 2020 2021<\/a><\/p><p><a href=\"https:\/\/crtrrj.gov.br\/transparencia\/wp-content\/uploads\/2024\/02\/BALANCO-PATRIMONIAL-COMPARADO-2020-NOVEMBRO-2021.pdf\">BALAN\u00c7O PATRIMONIAL COMPARADO 2020 NOVEMBRO 2021<\/a><\/p><p><a href=\"https:\/\/crtrrj.gov.br\/transparencia\/wp-content\/uploads\/2024\/02\/COMPARATIVO-DA-DESPESA-NOVEMBRO-2021.pdf\">COMPARATIVO DA DESPESA NOVEMBRO 2021<\/a><\/p><p><a href=\"https:\/\/crtrrj.gov.br\/transparencia\/wp-content\/uploads\/2024\/02\/COMPARATIVO-DA-RECEITA-NOVEMBRO-2021.pdf\">COMPARATIVO DA RECEITA NOVEMBRO 2021<\/a><\/p><p><a href=\"https:\/\/crtrrj.gov.br\/transparencia\/wp-content\/uploads\/2024\/02\/DEMONSTRACAO-DAS-VARIACOES-PATRIMONIAIS-NOVEMBRO-2021.pdf\">DEMONSTRA\u00c7\u00c3O DAS VARIA\u00c7\u00d5ES PATRIMONIAIS NOVEMBRO 2021<\/a><\/p><p><a href=\"https:\/\/crtrrj.gov.br\/transparencia\/wp-content\/uploads\/2024\/02\/DEMONSTRACAO-DOS-FLUXOS-DE-CAIXA-NOVEMBR-2021.pdf\">DEMONSTRA\u00c7\u00c3O DOS FLUXOS DE CAIXA NOVEMBR 2021<\/a><\/p><p><a href=\"https:\/\/crtrrj.gov.br\/transparencia\/wp-content\/uploads\/2024\/02\/DEMONSTRATIVOS-CONTABEIS-NOVEMBRO-2021.pdf\">DEMONSTRATIVOS CONT\u00c1BEIS NOVEMBRO 2021<\/a><\/p><\/div>\n\t\t\t\t\t\t\t\t\t<div class=\"elementor-tab-title elementor-tab-mobile-title\" aria-selected=\"false\" data-tab=\"9\" role=\"tab\" tabindex=\"-1\" aria-controls=\"elementor-tab-content-1489\" aria-expanded=\"false\">DEZEMBRO<\/div>\n\t\t\t\t\t<div id=\"elementor-tab-content-1489\" class=\"elementor-tab-content elementor-clearfix\" data-tab=\"9\" role=\"tabpanel\" aria-labelledby=\"elementor-tab-title-1489\" tabindex=\"0\" hidden=\"hidden\"><p><a href=\"https:\/\/crtrrj.gov.br\/transparencia\/wp-content\/uploads\/2024\/02\/B.O-12-2021.pdf\">B.O 12-2021<\/a><\/p><p><a href=\"https:\/\/crtrrj.gov.br\/transparencia\/wp-content\/uploads\/2024\/02\/B.P.-12-2021.pdf\">B.P. 12-2021<\/a><\/p><p><a href=\"https:\/\/crtrrj.gov.br\/transparencia\/wp-content\/uploads\/2024\/02\/B.P.-Comparado-12-2021.pdf\">B.P. Comparado 12-2021<\/a><\/p><p><a href=\"https:\/\/crtrrj.gov.br\/transparencia\/wp-content\/uploads\/2024\/02\/Balancete-dezembro.pdf\">Balancete dezembro<\/a><\/p><p><a href=\"https:\/\/crtrrj.gov.br\/transparencia\/wp-content\/uploads\/2024\/02\/BF-12-2021.pdf\">BF 12-2021<\/a><\/p><p><a href=\"https:\/\/crtrrj.gov.br\/transparencia\/wp-content\/uploads\/2024\/02\/BF-Comparado-12-2021.pdf\">BF Comparado 12-2021<\/a><\/p><p><a href=\"https:\/\/crtrrj.gov.br\/transparencia\/wp-content\/uploads\/2024\/02\/Comparativo-da-Despesa-12-2021.pdf\">Comparativo da Despesa 12-2021<\/a><\/p><p><a href=\"https:\/\/crtrrj.gov.br\/transparencia\/wp-content\/uploads\/2024\/02\/Comparativo-Receita-12-2021.pdf\">Comparativo Receita 12-2021<\/a><\/p><p><a href=\"https:\/\/crtrrj.gov.br\/transparencia\/wp-content\/uploads\/2024\/02\/DFC-12-2021.pdf\">DFC 12-2021<\/a><\/p><p><a href=\"https:\/\/crtrrj.gov.br\/transparencia\/wp-content\/uploads\/2024\/02\/DVP-12-2021.pdf\">DVP 12-2021<\/a><\/p><\/div>\n\t\t\t\t\t\t\t<\/div>\n\t\t<\/div>\n\t\t\t\t<\/div>\n\t\t\t\t<\/div>\n\t\t\t\t\t\t<\/div>\n\t\t\t\t\t<\/div>\n\t\t<\/div>\n\t\t\t\t\t\t\t\t<\/div>\n\t\t\t\t\t<\/div>\n\t\t<\/section>\n\t\t\t\t\t\t\t\t\t<\/div>\n\t\t\t<\/div>\n\t\t\t\t\t<\/div>\n\t\t","protected":false},"excerpt":{"rendered":"<p>JANEIRO FEVEREIRO MAR\u00c7O JULHO AGOSTO SETEMBRO OUTUBRO NOVEMBRO DEZEMBRO JANEIRO BALAN\u00c7O FINANCEIRO COMPARADO &#8211; 2020 -2021 DEMONSTRA\u00c7\u00c3O DOS FLUXOS DE CAIXA &#8211; JANEIRO 2021 BALANCETE DE VERIFICA\u00c7\u00c3O FINANCEIRO &#8211; JANEIRO 2021 DEMONSTRA\u00c7\u00c3O DAS VARIA\u00c7\u00d5ES PATRIMONIAIS &#8211; JANEIRO 2021 BALAN\u00c7O PATRIMONIAL COMPARADO &#8211; 2020 JANEIRO 2021 BALANCETE DE VERIFICA\u00c7\u00c3O PATRIMONIAL &#8211; JANEIRO 2021 BALANCETE DE VERIFICA\u00c7\u00c3O [&hellip;]<\/p>\n","protected":false},"author":1,"featured_media":0,"parent":0,"menu_order":0,"comment_status":"closed","ping_status":"closed","template":"","meta":{"footnotes":""},"class_list":["post-47345","page","type-page","status-publish","hentry"],"acf":[],"_links":{"self":[{"href":"https:\/\/crtrrj.gov.br\/transparencia\/wp-json\/wp\/v2\/pages\/47345","targetHints":{"allow":["GET"]}}],"collection":[{"href":"https:\/\/crtrrj.gov.br\/transparencia\/wp-json\/wp\/v2\/pages"}],"about":[{"href":"https:\/\/crtrrj.gov.br\/transparencia\/wp-json\/wp\/v2\/types\/page"}],"author":[{"embeddable":true,"href":"https:\/\/crtrrj.gov.br\/transparencia\/wp-json\/wp\/v2\/users\/1"}],"replies":[{"embeddable":true,"href":"https:\/\/crtrrj.gov.br\/transparencia\/wp-json\/wp\/v2\/comments?post=47345"}],"version-history":[{"count":77,"href":"https:\/\/crtrrj.gov.br\/transparencia\/wp-json\/wp\/v2\/pages\/47345\/revisions"}],"predecessor-version":[{"id":48177,"href":"https:\/\/crtrrj.gov.br\/transparencia\/wp-json\/wp\/v2\/pages\/47345\/revisions\/48177"}],"wp:attachment":[{"href":"https:\/\/crtrrj.gov.br\/transparencia\/wp-json\/wp\/v2\/media?parent=47345"}],"curies":[{"name":"wp","href":"https:\/\/api.w.org\/{rel}","templated":true}]}}