{"id":47481,"date":"2024-02-28T20:50:11","date_gmt":"2024-02-28T20:50:11","guid":{"rendered":"https:\/\/crtrrj.gov.br\/transparencia\/?page_id=47481"},"modified":"2024-07-19T20:56:59","modified_gmt":"2024-07-19T20:56:59","slug":"prestacao-de-contas-2022","status":"publish","type":"page","link":"https:\/\/crtrrj.gov.br\/transparencia\/prestacao-de-contas-2022\/","title":{"rendered":"Presta\u00e7\u00e3o de Contas &#8211; 2022"},"content":{"rendered":"\t\t<div data-elementor-type=\"wp-page\" data-elementor-id=\"47481\" class=\"elementor elementor-47481\">\n\t\t\t\t\t\t<div class=\"elementor-inner\">\n\t\t\t\t<div class=\"elementor-section-wrap\">\n\t\t\t\t\t\t\t\t\t<section class=\"elementor-section elementor-top-section elementor-element elementor-element-e1e4c3a elementor-section-height-min-height elementor-section-boxed elementor-section-height-default elementor-section-items-middle\" data-id=\"e1e4c3a\" data-element_type=\"section\" data-settings=\"{&quot;background_background&quot;:&quot;classic&quot;}\">\n\t\t\t\t\t\t<div class=\"elementor-container elementor-column-gap-default\">\n\t\t\t\t\t\t\t<div class=\"elementor-row\">\n\t\t\t\t\t<div class=\"elementor-column elementor-col-100 elementor-top-column elementor-element elementor-element-22eab2f\" data-id=\"22eab2f\" data-element_type=\"column\">\n\t\t\t<div class=\"elementor-column-wrap elementor-element-populated\">\n\t\t\t\t\t\t\t<div class=\"elementor-widget-wrap\">\n\t\t\t\t\t\t\t\t<\/div>\n\t\t\t\t\t<\/div>\n\t\t<\/div>\n\t\t\t\t\t\t\t\t<\/div>\n\t\t\t\t\t<\/div>\n\t\t<\/section>\n\t\t\t\t<section class=\"elementor-section elementor-top-section elementor-element elementor-element-7c29435 elementor-section-boxed elementor-section-height-default elementor-section-height-default\" data-id=\"7c29435\" data-element_type=\"section\">\n\t\t\t\t\t\t<div class=\"elementor-container elementor-column-gap-default\">\n\t\t\t\t\t\t\t<div class=\"elementor-row\">\n\t\t\t\t\t<div class=\"elementor-column elementor-col-100 elementor-top-column elementor-element elementor-element-f51ab35\" data-id=\"f51ab35\" data-element_type=\"column\">\n\t\t\t<div class=\"elementor-column-wrap elementor-element-populated\">\n\t\t\t\t\t\t\t<div class=\"elementor-widget-wrap\">\n\t\t\t\t\t\t<div class=\"elementor-element elementor-element-8de1813 elementor-tabs-view-vertical elementor-widget elementor-widget-tabs\" data-id=\"8de1813\" data-element_type=\"widget\" data-widget_type=\"tabs.default\">\n\t\t\t\t<div class=\"elementor-widget-container\">\n\t\t\t\t\t<div class=\"elementor-tabs\">\n\t\t\t<div class=\"elementor-tabs-wrapper\" role=\"tablist\" >\n\t\t\t\t\t\t\t\t\t<div id=\"elementor-tab-title-1481\" class=\"elementor-tab-title elementor-tab-desktop-title\" aria-selected=\"true\" data-tab=\"1\" role=\"tab\" tabindex=\"0\" aria-controls=\"elementor-tab-content-1481\" aria-expanded=\"false\">JANEIRO<\/div>\n\t\t\t\t\t\t\t\t\t<div id=\"elementor-tab-title-1482\" class=\"elementor-tab-title elementor-tab-desktop-title\" aria-selected=\"false\" data-tab=\"2\" role=\"tab\" tabindex=\"-1\" aria-controls=\"elementor-tab-content-1482\" aria-expanded=\"false\">FEVEREIRO<\/div>\n\t\t\t\t\t\t\t\t\t<div id=\"elementor-tab-title-1483\" class=\"elementor-tab-title elementor-tab-desktop-title\" aria-selected=\"false\" data-tab=\"3\" role=\"tab\" tabindex=\"-1\" aria-controls=\"elementor-tab-content-1483\" aria-expanded=\"false\">MAR\u00c7O<\/div>\n\t\t\t\t\t\t\t\t\t<div id=\"elementor-tab-title-1484\" class=\"elementor-tab-title elementor-tab-desktop-title\" aria-selected=\"false\" data-tab=\"4\" role=\"tab\" tabindex=\"-1\" aria-controls=\"elementor-tab-content-1484\" aria-expanded=\"false\">ABRIL<\/div>\n\t\t\t\t\t\t\t\t\t<div id=\"elementor-tab-title-1485\" class=\"elementor-tab-title elementor-tab-desktop-title\" aria-selected=\"false\" data-tab=\"5\" role=\"tab\" tabindex=\"-1\" aria-controls=\"elementor-tab-content-1485\" aria-expanded=\"false\">MAIO<\/div>\n\t\t\t\t\t\t\t\t\t<div id=\"elementor-tab-title-1486\" class=\"elementor-tab-title elementor-tab-desktop-title\" aria-selected=\"false\" data-tab=\"6\" role=\"tab\" tabindex=\"-1\" aria-controls=\"elementor-tab-content-1486\" aria-expanded=\"false\">JUNHO<\/div>\n\t\t\t\t\t\t\t\t\t<div id=\"elementor-tab-title-1487\" class=\"elementor-tab-title elementor-tab-desktop-title\" aria-selected=\"false\" data-tab=\"7\" role=\"tab\" tabindex=\"-1\" aria-controls=\"elementor-tab-content-1487\" aria-expanded=\"false\">JULHO<\/div>\n\t\t\t\t\t\t\t\t\t<div id=\"elementor-tab-title-1488\" class=\"elementor-tab-title elementor-tab-desktop-title\" aria-selected=\"false\" data-tab=\"8\" role=\"tab\" tabindex=\"-1\" aria-controls=\"elementor-tab-content-1488\" aria-expanded=\"false\">AGOSTO<\/div>\n\t\t\t\t\t\t\t\t\t<div id=\"elementor-tab-title-1489\" class=\"elementor-tab-title elementor-tab-desktop-title\" aria-selected=\"false\" data-tab=\"9\" role=\"tab\" tabindex=\"-1\" aria-controls=\"elementor-tab-content-1489\" aria-expanded=\"false\">SETEMBRO<\/div>\n\t\t\t\t\t\t\t\t\t<div id=\"elementor-tab-title-14810\" class=\"elementor-tab-title elementor-tab-desktop-title\" aria-selected=\"false\" data-tab=\"10\" role=\"tab\" tabindex=\"-1\" aria-controls=\"elementor-tab-content-14810\" aria-expanded=\"false\">OUTUBRO<\/div>\n\t\t\t\t\t\t\t\t\t<div id=\"elementor-tab-title-14811\" class=\"elementor-tab-title elementor-tab-desktop-title\" aria-selected=\"false\" data-tab=\"11\" role=\"tab\" tabindex=\"-1\" aria-controls=\"elementor-tab-content-14811\" aria-expanded=\"false\">NOVEMBRO<\/div>\n\t\t\t\t\t\t\t\t\t<div id=\"elementor-tab-title-14812\" class=\"elementor-tab-title elementor-tab-desktop-title\" aria-selected=\"false\" data-tab=\"12\" role=\"tab\" tabindex=\"-1\" aria-controls=\"elementor-tab-content-14812\" aria-expanded=\"false\">DEZEMBRO<\/div>\n\t\t\t\t\t\t\t<\/div>\n\t\t\t<div class=\"elementor-tabs-content-wrapper\" role=\"tablist\" aria-orientation=\"vertical\">\n\t\t\t\t\t\t\t\t\t<div class=\"elementor-tab-title elementor-tab-mobile-title\" aria-selected=\"true\" data-tab=\"1\" role=\"tab\" tabindex=\"0\" aria-controls=\"elementor-tab-content-1481\" aria-expanded=\"false\">JANEIRO<\/div>\n\t\t\t\t\t<div id=\"elementor-tab-content-1481\" class=\"elementor-tab-content elementor-clearfix\" data-tab=\"1\" role=\"tabpanel\" aria-labelledby=\"elementor-tab-title-1481\" tabindex=\"0\" hidden=\"false\"><p><a href=\"https:\/\/crtrrj.gov.br\/transparencia\/wp-content\/uploads\/2024\/02\/Balanco-Financeiro-Comparado-Jan22.pdf\">Balan\u00e7o Financeiro Comparado Jan22<\/a><\/p><p><a href=\"https:\/\/crtrrj.gov.br\/transparencia\/wp-content\/uploads\/2024\/02\/Balanco-Orcamentario-Jan22.pdf\">Balan\u00e7o Or\u00e7ament\u00e1rio Jan22<\/a><\/p><p><a href=\"https:\/\/crtrrj.gov.br\/transparencia\/wp-content\/uploads\/2024\/02\/BF-Jan22.pdf\">BF Jan22<\/a><\/p><p><a href=\"https:\/\/crtrrj.gov.br\/transparencia\/wp-content\/uploads\/2024\/02\/BP-Comparado-Jan22.pdf\">BF Comparado Jan22<\/a><\/p><p><a href=\"https:\/\/crtrrj.gov.br\/transparencia\/wp-content\/uploads\/2024\/02\/BP-Jan22.pdf\">BP Jan22<\/a><\/p><p><a href=\"https:\/\/crtrrj.gov.br\/transparencia\/wp-content\/uploads\/2024\/02\/DFC-Jan22.pdf\">DFC Jan22<\/a><\/p><p><a href=\"https:\/\/crtrrj.gov.br\/transparencia\/wp-content\/uploads\/2024\/02\/DVP-Jan22.pdf\">DVP Jan22<\/a><\/p><\/div>\n\t\t\t\t\t\t\t\t\t<div class=\"elementor-tab-title elementor-tab-mobile-title\" aria-selected=\"false\" data-tab=\"2\" role=\"tab\" tabindex=\"-1\" aria-controls=\"elementor-tab-content-1482\" aria-expanded=\"false\">FEVEREIRO<\/div>\n\t\t\t\t\t<div id=\"elementor-tab-content-1482\" class=\"elementor-tab-content elementor-clearfix\" data-tab=\"2\" role=\"tabpanel\" aria-labelledby=\"elementor-tab-title-1482\" tabindex=\"0\" hidden=\"hidden\"><p><a href=\"https:\/\/crtrrj.gov.br\/transparencia\/wp-content\/uploads\/2024\/02\/BF-COMPARADO.pdf\">BF Comparado FEV22<\/a><\/p><p><a href=\"https:\/\/crtrrj.gov.br\/transparencia\/wp-content\/uploads\/2024\/02\/BF-FEV22.pdf\">BF FEV22<\/a><\/p><p><a href=\"https:\/\/crtrrj.gov.br\/transparencia\/wp-content\/uploads\/2024\/02\/BO-FEV22.pdf\">BO FEV22<\/a><\/p><p><a href=\"https:\/\/crtrrj.gov.br\/transparencia\/wp-content\/uploads\/2024\/02\/BP-COMPARADO-FEV22.pdf\">BP Comparado FEV22<\/a><\/p><p><a href=\"https:\/\/crtrrj.gov.br\/transparencia\/wp-content\/uploads\/2024\/02\/BP-FEV22.pdf\">BP FEV22<\/a><\/p><p><a href=\"https:\/\/crtrrj.gov.br\/transparencia\/wp-content\/uploads\/2024\/02\/DFC-FEV22.pdf\">DFC FEV 22<\/a><\/p><p><a href=\"https:\/\/crtrrj.gov.br\/transparencia\/wp-content\/uploads\/2024\/02\/DVP-FEV22.pdf\">DVP FEV22<\/a><\/p><p><a href=\"https:\/\/crtrrj.gov.br\/transparencia\/wp-content\/uploads\/2024\/02\/RAZAO-JAN-E-FEV22.pdf\">Raz\u00e3o Janeiro e Fevereiro 22<\/a><\/p><\/div>\n\t\t\t\t\t\t\t\t\t<div class=\"elementor-tab-title elementor-tab-mobile-title\" aria-selected=\"false\" data-tab=\"3\" role=\"tab\" tabindex=\"-1\" aria-controls=\"elementor-tab-content-1483\" aria-expanded=\"false\">MAR\u00c7O<\/div>\n\t\t\t\t\t<div id=\"elementor-tab-content-1483\" class=\"elementor-tab-content elementor-clearfix\" data-tab=\"3\" role=\"tabpanel\" aria-labelledby=\"elementor-tab-title-1483\" tabindex=\"0\" hidden=\"hidden\"><p><a href=\"https:\/\/crtrrj.gov.br\/transparencia\/wp-content\/uploads\/2024\/02\/BF-03-2022.pdf\">BF 03-2022<\/a><\/p><p><a href=\"https:\/\/crtrrj.gov.br\/transparencia\/wp-content\/uploads\/2024\/02\/BF-comparado-03-2022.pdf\">BF Comparado 03-2022<\/a><\/p><p><a href=\"https:\/\/crtrrj.gov.br\/transparencia\/wp-content\/uploads\/2024\/02\/BO-03-2022.pdf\">BO 03-2022<\/a><\/p><p><a href=\"https:\/\/crtrrj.gov.br\/transparencia\/wp-content\/uploads\/2024\/02\/BP-03-2022.pdf\">BP 03-2022<\/a><\/p><p><a href=\"https:\/\/crtrrj.gov.br\/transparencia\/wp-content\/uploads\/2024\/02\/BP-comparado-03-2022.pdf\">BP Comparado 03-2022<\/a><\/p><p><a href=\"https:\/\/crtrrj.gov.br\/transparencia\/wp-content\/uploads\/2024\/02\/DFC-03-2022.pdf\">DFC 03-2022<\/a><\/p><p><a href=\"https:\/\/crtrrj.gov.br\/transparencia\/wp-content\/uploads\/2024\/02\/DVP-03-2022.pdf\">DVP 03-2022<\/a><\/p><\/div>\n\t\t\t\t\t\t\t\t\t<div class=\"elementor-tab-title elementor-tab-mobile-title\" aria-selected=\"false\" data-tab=\"4\" role=\"tab\" tabindex=\"-1\" aria-controls=\"elementor-tab-content-1484\" aria-expanded=\"false\">ABRIL<\/div>\n\t\t\t\t\t<div id=\"elementor-tab-content-1484\" class=\"elementor-tab-content elementor-clearfix\" data-tab=\"4\" role=\"tabpanel\" aria-labelledby=\"elementor-tab-title-1484\" tabindex=\"0\" hidden=\"hidden\"><p><a href=\"https:\/\/crtrrj.gov.br\/transparencia\/wp-content\/uploads\/2024\/02\/BF-04-2022.pdf\">BF 04-2022<\/a><\/p><p><a href=\"https:\/\/crtrrj.gov.br\/transparencia\/wp-content\/uploads\/2024\/02\/BO-04-2022.pdf\">BO 04-2022<\/a><\/p><p><a href=\"https:\/\/crtrrj.gov.br\/transparencia\/wp-content\/uploads\/2024\/02\/BP-04-2022.pdf\">BP 04-2022<\/a><\/p><p><a href=\"https:\/\/crtrrj.gov.br\/transparencia\/wp-content\/uploads\/2024\/02\/BP-comparado-04-2022.pdf\">BP Comparado 04-2022<\/a><\/p><p><a href=\"https:\/\/crtrrj.gov.br\/transparencia\/wp-content\/uploads\/2024\/02\/DFC-04-2022.pdf\">DFC 04-2022<\/a><\/p><p><a href=\"https:\/\/crtrrj.gov.br\/transparencia\/wp-content\/uploads\/2024\/02\/DFC-comparada-04-2022.pdf\">DFC Comparada 04-2022<\/a><\/p><p><a href=\"https:\/\/crtrrj.gov.br\/transparencia\/wp-content\/uploads\/2024\/02\/DVP-04-2022.pdf\">DVP 04-2022<\/a><\/p><p><a href=\"https:\/\/crtrrj.gov.br\/transparencia\/wp-content\/uploads\/2024\/02\/razao-abril.pdf\">Raz\u00e3o 04-2022<\/a><\/p><\/div>\n\t\t\t\t\t\t\t\t\t<div class=\"elementor-tab-title elementor-tab-mobile-title\" aria-selected=\"false\" data-tab=\"5\" role=\"tab\" tabindex=\"-1\" aria-controls=\"elementor-tab-content-1485\" aria-expanded=\"false\">MAIO<\/div>\n\t\t\t\t\t<div id=\"elementor-tab-content-1485\" class=\"elementor-tab-content elementor-clearfix\" data-tab=\"5\" role=\"tabpanel\" aria-labelledby=\"elementor-tab-title-1485\" tabindex=\"0\" hidden=\"hidden\"><p><a href=\"https:\/\/crtrrj.gov.br\/transparencia\/wp-content\/uploads\/2024\/02\/BF-05-2022.pdf\">BF 05-2022<\/a><\/p><p><a href=\"https:\/\/crtrrj.gov.br\/transparencia\/wp-content\/uploads\/2024\/02\/BF-Comparado-05-2022.pdf\">BF Comparado 05-2022<\/a><\/p><p><a href=\"https:\/\/crtrrj.gov.br\/transparencia\/wp-content\/uploads\/2024\/02\/BO-05-2022.pdf\">BO 05-2022<\/a><\/p><p><a href=\"https:\/\/crtrrj.gov.br\/transparencia\/wp-content\/uploads\/2024\/02\/BP-05-2022.pdf\">BP 05-2022<\/a><\/p><p><a href=\"https:\/\/crtrrj.gov.br\/transparencia\/wp-content\/uploads\/2024\/02\/BP-Comparado-05-2022.pdf\">BP Comparado 05-2022<\/a><\/p><p><a href=\"https:\/\/crtrrj.gov.br\/transparencia\/wp-content\/uploads\/2024\/02\/DFC-05-2022.pdf\">DFC 05-2022<\/a><\/p><p><a href=\"https:\/\/crtrrj.gov.br\/transparencia\/wp-content\/uploads\/2024\/02\/DVP-05-2022.pdf\">DVP 05-2022<\/a><\/p><\/div>\n\t\t\t\t\t\t\t\t\t<div class=\"elementor-tab-title elementor-tab-mobile-title\" aria-selected=\"false\" data-tab=\"6\" role=\"tab\" tabindex=\"-1\" aria-controls=\"elementor-tab-content-1486\" aria-expanded=\"false\">JUNHO<\/div>\n\t\t\t\t\t<div id=\"elementor-tab-content-1486\" class=\"elementor-tab-content elementor-clearfix\" data-tab=\"6\" role=\"tabpanel\" aria-labelledby=\"elementor-tab-title-1486\" tabindex=\"0\" hidden=\"hidden\"><p><a href=\"https:\/\/crtrrj.gov.br\/transparencia\/wp-content\/uploads\/2024\/02\/BF-06-2022.pdf\">BF 06-2022<\/a><\/p><p><a href=\"https:\/\/crtrrj.gov.br\/transparencia\/wp-content\/uploads\/2024\/02\/BF-Comparado-06-2022.pdf\">BF Comparado 06-2022<\/a><\/p><p><a href=\"https:\/\/crtrrj.gov.br\/transparencia\/wp-content\/uploads\/2024\/02\/BO-06-2022.pdf\">BO 06-2022<\/a><\/p><p><a href=\"https:\/\/crtrrj.gov.br\/transparencia\/wp-content\/uploads\/2024\/02\/BP-06-2022.pdf\">BP 06-2022<\/a><\/p><p><a href=\"https:\/\/crtrrj.gov.br\/transparencia\/wp-content\/uploads\/2024\/02\/BP-Comparado-06-2022.pdf\">BP Comparado 06-2022<\/a><\/p><p><a href=\"https:\/\/crtrrj.gov.br\/transparencia\/wp-content\/uploads\/2024\/02\/DFC-06-2022.pdf\">DFC 06-2022<\/a><\/p><p><a href=\"https:\/\/crtrrj.gov.br\/transparencia\/wp-content\/uploads\/2024\/02\/DVP-06-2022.pdf\">DVP 06-2022<\/a><\/p><p><a href=\"https:\/\/crtrrj.gov.br\/transparencia\/wp-content\/uploads\/2024\/02\/livro-razao-06-2022.pdf\">Livro Raz\u00e3o 06-2022<\/a><\/p><\/div>\n\t\t\t\t\t\t\t\t\t<div class=\"elementor-tab-title elementor-tab-mobile-title\" aria-selected=\"false\" data-tab=\"7\" role=\"tab\" tabindex=\"-1\" aria-controls=\"elementor-tab-content-1487\" aria-expanded=\"false\">JULHO<\/div>\n\t\t\t\t\t<div id=\"elementor-tab-content-1487\" class=\"elementor-tab-content elementor-clearfix\" data-tab=\"7\" role=\"tabpanel\" aria-labelledby=\"elementor-tab-title-1487\" tabindex=\"0\" hidden=\"hidden\"><p><a href=\"https:\/\/crtrrj.gov.br\/transparencia\/wp-content\/uploads\/2024\/02\/BF-07-2022.pdf\">BF 07-2022<\/a><\/p><p><a href=\"https:\/\/crtrrj.gov.br\/transparencia\/wp-content\/uploads\/2024\/02\/BF-Comparado-07-2022.pdf\">BF Comparado 07-2022<\/a><\/p><p><a href=\"https:\/\/crtrrj.gov.br\/transparencia\/wp-content\/uploads\/2024\/02\/BO-07-2022.pdf\">BO 07-2022<\/a><\/p><p><a href=\"https:\/\/crtrrj.gov.br\/transparencia\/wp-content\/uploads\/2024\/02\/BP-07-2022.pdf\">BP 07-2022<\/a><\/p><p><a href=\"https:\/\/crtrrj.gov.br\/transparencia\/wp-content\/uploads\/2024\/02\/BP-Comparado-07-2022.pdf\">BP Comparado 07-2022<\/a><\/p><p><a href=\"https:\/\/crtrrj.gov.br\/transparencia\/wp-content\/uploads\/2024\/02\/DFC-07-2022.pdf\">DFC 07-2022<\/a><\/p><p><a href=\"https:\/\/crtrrj.gov.br\/transparencia\/wp-content\/uploads\/2024\/02\/DVP-07-2022.pdf\">DVP 07-2022<\/a><\/p><\/div>\n\t\t\t\t\t\t\t\t\t<div class=\"elementor-tab-title elementor-tab-mobile-title\" aria-selected=\"false\" data-tab=\"8\" role=\"tab\" tabindex=\"-1\" aria-controls=\"elementor-tab-content-1488\" aria-expanded=\"false\">AGOSTO<\/div>\n\t\t\t\t\t<div id=\"elementor-tab-content-1488\" class=\"elementor-tab-content elementor-clearfix\" data-tab=\"8\" role=\"tabpanel\" aria-labelledby=\"elementor-tab-title-1488\" tabindex=\"0\" hidden=\"hidden\"><p><a href=\"https:\/\/crtrrj.gov.br\/transparencia\/wp-content\/uploads\/2024\/02\/BF-08-2022.pdf\">BF 08-2022<\/a><\/p><p><a href=\"https:\/\/crtrrj.gov.br\/transparencia\/wp-content\/uploads\/2024\/02\/BF-COMPARADO-1.pdf\">BF Comparado<\/a><\/p><p><a href=\"https:\/\/crtrrj.gov.br\/transparencia\/wp-content\/uploads\/2024\/02\/BO-08-2022.pdf\">BO 08-2022<\/a><\/p><p><a href=\"https:\/\/crtrrj.gov.br\/transparencia\/wp-content\/uploads\/2024\/02\/BP-08-2022.pdf\">BP 08-2022<\/a><\/p><p><a href=\"https:\/\/crtrrj.gov.br\/transparencia\/wp-content\/uploads\/2024\/02\/BP-COMPARADO-08-2022.pdf\">BP Comparado 08-2022<\/a><\/p><p><a href=\"https:\/\/crtrrj.gov.br\/transparencia\/wp-content\/uploads\/2024\/02\/DFC-08-2022.pdf\">DFC 08-2022<\/a><\/p><p><a href=\"https:\/\/crtrrj.gov.br\/transparencia\/wp-content\/uploads\/2024\/02\/DVP-08-2022.pdf\">DVP 08-2022<\/a><\/p><p><a href=\"https:\/\/crtrrj.gov.br\/transparencia\/wp-content\/uploads\/2024\/02\/RECIBO-DCTF-WEB-ABRIL-2023.pdf\">Recibo DCTF WEB ABRIL 2023<\/a><\/p><\/div>\n\t\t\t\t\t\t\t\t\t<div class=\"elementor-tab-title elementor-tab-mobile-title\" aria-selected=\"false\" data-tab=\"9\" role=\"tab\" tabindex=\"-1\" aria-controls=\"elementor-tab-content-1489\" aria-expanded=\"false\">SETEMBRO<\/div>\n\t\t\t\t\t<div id=\"elementor-tab-content-1489\" class=\"elementor-tab-content elementor-clearfix\" data-tab=\"9\" role=\"tabpanel\" aria-labelledby=\"elementor-tab-title-1489\" tabindex=\"0\" hidden=\"hidden\"><p><a href=\"https:\/\/crtrrj.gov.br\/transparencia\/wp-content\/uploads\/2024\/02\/BF-09-2022.pdf\">BF 09-2022<\/a><\/p><p><a href=\"https:\/\/crtrrj.gov.br\/transparencia\/wp-content\/uploads\/2024\/02\/BF-COMPARADO-09-2022.pdf\">BF COMPARADO 09-2022<\/a><\/p><p><a href=\"https:\/\/crtrrj.gov.br\/transparencia\/wp-content\/uploads\/2024\/02\/BO-09-2022.pdf\">BO 09-2022<\/a><\/p><p><a href=\"https:\/\/crtrrj.gov.br\/transparencia\/wp-content\/uploads\/2024\/02\/BP-09-2022.pdf\">BP 09-2022<\/a><\/p><p><a href=\"https:\/\/crtrrj.gov.br\/transparencia\/wp-content\/uploads\/2024\/02\/BP-COMPARADO-09-2022.pdf\">BP COMPARADO 09-2022<\/a><\/p><p><a href=\"https:\/\/crtrrj.gov.br\/transparencia\/wp-content\/uploads\/2024\/02\/DFC-09-2022.pdf\">DFC 09-2022<\/a><\/p><p><a href=\"https:\/\/crtrrj.gov.br\/transparencia\/wp-content\/uploads\/2024\/02\/DVP-09-2022.pdf\">DVP 09-2022<\/a><\/p><\/div>\n\t\t\t\t\t\t\t\t\t<div class=\"elementor-tab-title elementor-tab-mobile-title\" aria-selected=\"false\" data-tab=\"10\" role=\"tab\" tabindex=\"-1\" aria-controls=\"elementor-tab-content-14810\" aria-expanded=\"false\">OUTUBRO<\/div>\n\t\t\t\t\t<div id=\"elementor-tab-content-14810\" class=\"elementor-tab-content elementor-clearfix\" data-tab=\"10\" role=\"tabpanel\" aria-labelledby=\"elementor-tab-title-14810\" tabindex=\"0\" hidden=\"hidden\"><p><a href=\"https:\/\/crtrrj.gov.br\/transparencia\/wp-content\/uploads\/2024\/02\/BF-10-2022.pdf\">BF 10-2022<\/a><\/p><p><a href=\"https:\/\/crtrrj.gov.br\/transparencia\/wp-content\/uploads\/2024\/02\/BO-10-2022.pdf\">BO 10-2022<\/a><\/p><p><a href=\"https:\/\/crtrrj.gov.br\/transparencia\/wp-content\/uploads\/2024\/02\/BP-10-2022.pdf\">BP 10-2022<\/a><\/p><p><a href=\"https:\/\/crtrrj.gov.br\/transparencia\/wp-content\/uploads\/2024\/02\/BP-COMPARADO-10-2022.pdf\">BP Comparado 10-2022<\/a><\/p><p><a href=\"https:\/\/crtrrj.gov.br\/transparencia\/wp-content\/uploads\/2024\/02\/DFC-10-2022.pdf\">DFC 10-2022<\/a><\/p><p><a href=\"https:\/\/crtrrj.gov.br\/transparencia\/wp-content\/uploads\/2024\/02\/DFC-COMPARADO-10-2022.pdf\">DFC COMPARADO 10-2022<\/a><\/p><p><a href=\"https:\/\/crtrrj.gov.br\/transparencia\/wp-content\/uploads\/2024\/02\/DVP-10-2022.pdf\">DVP 10-2022<\/a><\/p><\/div>\n\t\t\t\t\t\t\t\t\t<div class=\"elementor-tab-title elementor-tab-mobile-title\" aria-selected=\"false\" data-tab=\"11\" role=\"tab\" tabindex=\"-1\" aria-controls=\"elementor-tab-content-14811\" aria-expanded=\"false\">NOVEMBRO<\/div>\n\t\t\t\t\t<div id=\"elementor-tab-content-14811\" class=\"elementor-tab-content elementor-clearfix\" data-tab=\"11\" role=\"tabpanel\" aria-labelledby=\"elementor-tab-title-14811\" tabindex=\"0\" hidden=\"hidden\"><p><a href=\"https:\/\/crtrrj.gov.br\/transparencia\/wp-content\/uploads\/2024\/02\/BF-11-2022.pdf\">BF 11-2022<\/a><\/p><p><a href=\"https:\/\/crtrrj.gov.br\/transparencia\/wp-content\/uploads\/2024\/02\/BF-COMPARADO-11-2022.pdf\">BF Comparado 11-2022<\/a><\/p><p><a href=\"https:\/\/crtrrj.gov.br\/transparencia\/wp-content\/uploads\/2024\/02\/BO-11-2022.pdf\">BO 11-2022<\/a><\/p><p><a href=\"https:\/\/crtrrj.gov.br\/transparencia\/wp-content\/uploads\/2024\/02\/BP-11-2022.pdf\">BP 11-2022<\/a><\/p><p><a href=\"https:\/\/crtrrj.gov.br\/transparencia\/wp-content\/uploads\/2024\/02\/BP-COMPARADO-11-2022.pdf\">BP COMPARADO 11-2022<\/a><\/p><p><a href=\"https:\/\/crtrrj.gov.br\/transparencia\/wp-content\/uploads\/2024\/02\/DFC-11-2022.pdf\">DFC 11-2022<\/a><\/p><p><a href=\"https:\/\/crtrrj.gov.br\/transparencia\/wp-content\/uploads\/2024\/02\/DVP-11-2022.pdf\">DVP 11-2022<\/a><\/p><\/div>\n\t\t\t\t\t\t\t\t\t<div class=\"elementor-tab-title elementor-tab-mobile-title\" aria-selected=\"false\" data-tab=\"12\" role=\"tab\" tabindex=\"-1\" aria-controls=\"elementor-tab-content-14812\" aria-expanded=\"false\">DEZEMBRO<\/div>\n\t\t\t\t\t<div id=\"elementor-tab-content-14812\" class=\"elementor-tab-content elementor-clearfix\" data-tab=\"12\" role=\"tabpanel\" aria-labelledby=\"elementor-tab-title-14812\" tabindex=\"0\" hidden=\"hidden\"><p><a href=\"https:\/\/crtrrj.gov.br\/transparencia\/wp-content\/uploads\/2024\/02\/BF-12-2022.pdf\">BF 12-2022<\/a><\/p><p><a href=\"https:\/\/crtrrj.gov.br\/transparencia\/wp-content\/uploads\/2024\/02\/BF-COMPARADO-12-2022.pdf\">BF Comparado 12-2022<\/a><\/p><p><a href=\"https:\/\/crtrrj.gov.br\/transparencia\/wp-content\/uploads\/2024\/02\/BO-12-2022.pdf\">BO 12-2022<\/a><\/p><p><a href=\"https:\/\/crtrrj.gov.br\/transparencia\/wp-content\/uploads\/2024\/02\/BP-12-2022.pdf\">BP 12-2022<\/a><\/p><p><a href=\"https:\/\/crtrrj.gov.br\/transparencia\/wp-content\/uploads\/2024\/02\/BP-COMPARADO.pdf\">BP COMPARADO<\/a><\/p><p><a href=\"https:\/\/crtrrj.gov.br\/transparencia\/wp-content\/uploads\/2024\/02\/DFC-12-2022.pdf\">DFC 12-2022<\/a><\/p><p><a href=\"https:\/\/crtrrj.gov.br\/transparencia\/wp-content\/uploads\/2024\/02\/DVP-12-2022.pdf\">DVP 12-2022<\/a><\/p><\/div>\n\t\t\t\t\t\t\t<\/div>\n\t\t<\/div>\n\t\t\t\t<\/div>\n\t\t\t\t<\/div>\n\t\t\t\t\t\t<\/div>\n\t\t\t\t\t<\/div>\n\t\t<\/div>\n\t\t\t\t\t\t\t\t<\/div>\n\t\t\t\t\t<\/div>\n\t\t<\/section>\n\t\t\t\t\t\t\t\t\t<\/div>\n\t\t\t<\/div>\n\t\t\t\t\t<\/div>\n\t\t","protected":false},"excerpt":{"rendered":"<p>JANEIRO FEVEREIRO MAR\u00c7O ABRIL MAIO JUNHO JULHO AGOSTO SETEMBRO OUTUBRO NOVEMBRO DEZEMBRO JANEIRO Balan\u00e7o Financeiro Comparado Jan22 Balan\u00e7o Or\u00e7ament\u00e1rio Jan22 BF Jan22 BF Comparado Jan22 BP Jan22 DFC Jan22 DVP Jan22 FEVEREIRO BF Comparado FEV22 BF FEV22 BO FEV22 BP Comparado FEV22 BP FEV22 DFC FEV 22 DVP FEV22 Raz\u00e3o Janeiro e Fevereiro 22 MAR\u00c7O [&hellip;]<\/p>\n","protected":false},"author":1,"featured_media":0,"parent":0,"menu_order":0,"comment_status":"closed","ping_status":"closed","template":"","meta":{"footnotes":""},"class_list":["post-47481","page","type-page","status-publish","hentry"],"acf":[],"_links":{"self":[{"href":"https:\/\/crtrrj.gov.br\/transparencia\/wp-json\/wp\/v2\/pages\/47481","targetHints":{"allow":["GET"]}}],"collection":[{"href":"https:\/\/crtrrj.gov.br\/transparencia\/wp-json\/wp\/v2\/pages"}],"about":[{"href":"https:\/\/crtrrj.gov.br\/transparencia\/wp-json\/wp\/v2\/types\/page"}],"author":[{"embeddable":true,"href":"https:\/\/crtrrj.gov.br\/transparencia\/wp-json\/wp\/v2\/users\/1"}],"replies":[{"embeddable":true,"href":"https:\/\/crtrrj.gov.br\/transparencia\/wp-json\/wp\/v2\/comments?post=47481"}],"version-history":[{"count":55,"href":"https:\/\/crtrrj.gov.br\/transparencia\/wp-json\/wp\/v2\/pages\/47481\/revisions"}],"predecessor-version":[{"id":48091,"href":"https:\/\/crtrrj.gov.br\/transparencia\/wp-json\/wp\/v2\/pages\/47481\/revisions\/48091"}],"wp:attachment":[{"href":"https:\/\/crtrrj.gov.br\/transparencia\/wp-json\/wp\/v2\/media?parent=47481"}],"curies":[{"name":"wp","href":"https:\/\/api.w.org\/{rel}","templated":true}]}}