{"id":49042,"date":"2026-03-22T16:25:13","date_gmt":"2026-03-22T16:25:13","guid":{"rendered":"https:\/\/crtrrj.gov.br\/transparencia\/?page_id=49042"},"modified":"2026-03-22T16:41:15","modified_gmt":"2026-03-22T16:41:15","slug":"prestacao-de-contas-2026","status":"publish","type":"page","link":"https:\/\/crtrrj.gov.br\/transparencia\/prestacao-de-contas-2026\/","title":{"rendered":"Presta\u00e7\u00e3o de Contas &#8211; 2026"},"content":{"rendered":"\t\t<div data-elementor-type=\"wp-page\" data-elementor-id=\"49042\" class=\"elementor elementor-49042\">\n\t\t\t\t\t\t<div class=\"elementor-inner\">\n\t\t\t\t<div class=\"elementor-section-wrap\">\n\t\t\t\t\t\t\t\t\t<section class=\"elementor-section elementor-top-section elementor-element elementor-element-e1e4c3a elementor-section-height-min-height elementor-section-boxed elementor-section-height-default elementor-section-items-middle\" data-id=\"e1e4c3a\" data-element_type=\"section\" data-settings=\"{&quot;background_background&quot;:&quot;classic&quot;}\">\n\t\t\t\t\t\t<div class=\"elementor-container elementor-column-gap-default\">\n\t\t\t\t\t\t\t<div class=\"elementor-row\">\n\t\t\t\t\t<div class=\"elementor-column elementor-col-100 elementor-top-column elementor-element elementor-element-22eab2f\" data-id=\"22eab2f\" data-element_type=\"column\">\n\t\t\t<div class=\"elementor-column-wrap elementor-element-populated\">\n\t\t\t\t\t\t\t<div class=\"elementor-widget-wrap\">\n\t\t\t\t\t\t\t\t<\/div>\n\t\t\t\t\t<\/div>\n\t\t<\/div>\n\t\t\t\t\t\t\t\t<\/div>\n\t\t\t\t\t<\/div>\n\t\t<\/section>\n\t\t\t\t<section class=\"elementor-section elementor-top-section elementor-element elementor-element-7c29435 elementor-section-boxed elementor-section-height-default elementor-section-height-default\" data-id=\"7c29435\" data-element_type=\"section\">\n\t\t\t\t\t\t<div class=\"elementor-container elementor-column-gap-default\">\n\t\t\t\t\t\t\t<div class=\"elementor-row\">\n\t\t\t\t\t<div class=\"elementor-column elementor-col-100 elementor-top-column elementor-element elementor-element-f51ab35\" data-id=\"f51ab35\" data-element_type=\"column\">\n\t\t\t<div class=\"elementor-column-wrap elementor-element-populated\">\n\t\t\t\t\t\t\t<div class=\"elementor-widget-wrap\">\n\t\t\t\t\t\t<div class=\"elementor-element elementor-element-8de1813 elementor-tabs-view-vertical elementor-widget elementor-widget-tabs\" data-id=\"8de1813\" data-element_type=\"widget\" data-widget_type=\"tabs.default\">\n\t\t\t\t<div class=\"elementor-widget-container\">\n\t\t\t\t\t<div class=\"elementor-tabs\">\n\t\t\t<div class=\"elementor-tabs-wrapper\" role=\"tablist\" >\n\t\t\t\t\t\t\t\t\t<div id=\"elementor-tab-title-1481\" class=\"elementor-tab-title elementor-tab-desktop-title\" aria-selected=\"true\" data-tab=\"1\" role=\"tab\" tabindex=\"0\" aria-controls=\"elementor-tab-content-1481\" aria-expanded=\"false\">JANEIRO<\/div>\n\t\t\t\t\t\t\t\t\t<div id=\"elementor-tab-title-1482\" class=\"elementor-tab-title elementor-tab-desktop-title\" aria-selected=\"false\" data-tab=\"2\" role=\"tab\" tabindex=\"-1\" aria-controls=\"elementor-tab-content-1482\" aria-expanded=\"false\">FEVEREIRO<\/div>\n\t\t\t\t\t\t\t<\/div>\n\t\t\t<div class=\"elementor-tabs-content-wrapper\" role=\"tablist\" aria-orientation=\"vertical\">\n\t\t\t\t\t\t\t\t\t<div class=\"elementor-tab-title elementor-tab-mobile-title\" aria-selected=\"true\" data-tab=\"1\" role=\"tab\" tabindex=\"0\" aria-controls=\"elementor-tab-content-1481\" aria-expanded=\"false\">JANEIRO<\/div>\n\t\t\t\t\t<div id=\"elementor-tab-content-1481\" class=\"elementor-tab-content elementor-clearfix\" data-tab=\"1\" role=\"tabpanel\" aria-labelledby=\"elementor-tab-title-1481\" tabindex=\"0\" hidden=\"false\"><p><a href=\"https:\/\/crtrrj.gov.br\/transparencia\/wp-content\/uploads\/2026\/03\/BALANCO-FINANCEIRO-JANEIRO-2026.csv\"><span class=\"media-list-title word-wrap-break-word\"><strong>BALAN\u00c7O FINANCEIRO JANEIRO 2026<\/strong><\/span><\/a><\/p><p><a href=\"https:\/\/crtrrj.gov.br\/transparencia\/wp-content\/uploads\/2026\/03\/BALANCO-ORCAMENTARIO-JANEIRO-2026.csv\"><span class=\"media-list-title word-wrap-break-word\"><strong>BALAN\u00c7O OR\u00c7AMENT\u00c1RIO JANEIRO 2026<\/strong><\/span><\/a><\/p><p><a href=\"https:\/\/crtrrj.gov.br\/transparencia\/wp-content\/uploads\/2026\/03\/BALANCO-PATRIMONIAL-COMPARADO-JANEIRO-2026.csv\"><span class=\"media-list-title word-wrap-break-word\"><strong>BALAN\u00c7O PATRIMONIAL COMPARADO JANEIRO 2026<\/strong><\/span><\/a><\/p><p><a href=\"https:\/\/crtrrj.gov.br\/transparencia\/wp-content\/uploads\/2026\/03\/BALANCO-PATRIMONIAL-JANEIRO-2026.csv\"><span class=\"media-list-title word-wrap-break-word\"><strong>BALAN\u00c7O PATRIMONIAL JANEIRO 2026<\/strong><\/span><\/a><\/p><p><a href=\"https:\/\/crtrrj.gov.br\/transparencia\/wp-content\/uploads\/2026\/03\/COMPARATIVO-DA-DESPESA-JANEIRO-2026.csv\"><span class=\"media-list-title word-wrap-break-word\"><strong>COMPARATIVO DA DESPESA JANEIRO 2026<\/strong><\/span><\/a><\/p><p><a href=\"https:\/\/crtrrj.gov.br\/transparencia\/wp-content\/uploads\/2026\/03\/COMPARATIVO-DA-RECEITA-JANEIRO-2026.csv\"><span class=\"media-list-title word-wrap-break-word\"><strong>COMPARATIVO DA RECEITA JANEIRO 2026<\/strong><\/span><\/a><\/p><p><a href=\"https:\/\/crtrrj.gov.br\/transparencia\/wp-content\/uploads\/2026\/03\/DFC-DEMONSTRACAO-DOS-FLUXOS-DE-CAIXA-JANEIRO-2026.csv\"><span class=\"media-list-title word-wrap-break-word\"><strong>DFC &#8211; DEMONSTRA\u00c7\u00c3O DOS FLUXOS DE CAIXA JANEIRO 2026<\/strong><\/span><\/a><\/p><p><a href=\"https:\/\/crtrrj.gov.br\/transparencia\/wp-content\/uploads\/2026\/03\/DVP-VARIACOES-PATRIMONIAIS-JANEIRO-2026.csv\"><span class=\"media-list-title word-wrap-break-word\"><strong>DVP &#8211; VARIA\u00c7\u00d5ES PATRIMONIAIS JANEIRO 2026<\/strong><\/span><\/a><\/p><\/div>\n\t\t\t\t\t\t\t\t\t<div class=\"elementor-tab-title elementor-tab-mobile-title\" aria-selected=\"false\" data-tab=\"2\" role=\"tab\" tabindex=\"-1\" aria-controls=\"elementor-tab-content-1482\" aria-expanded=\"false\">FEVEREIRO<\/div>\n\t\t\t\t\t<div id=\"elementor-tab-content-1482\" class=\"elementor-tab-content elementor-clearfix\" data-tab=\"2\" role=\"tabpanel\" aria-labelledby=\"elementor-tab-title-1482\" tabindex=\"0\" hidden=\"hidden\"><p><a href=\"https:\/\/crtrrj.gov.br\/transparencia\/wp-content\/uploads\/2026\/03\/BALANCO-FINANCEIRO-FEVEREIRO-2026.csv\"><strong>BALAN\u00c7O FINANCEIRO FEVEREIRO 2026<\/strong><\/a><\/p><p><a href=\"https:\/\/crtrrj.gov.br\/transparencia\/wp-content\/uploads\/2026\/03\/BALANCO-ORCAMENTARIO-FEVEREIRO-2026.csv\"><strong>BALAN\u00c7O OR\u00c7AMENT\u00c1RIO FEVEREIRO 2026<\/strong><\/a><\/p><p><a href=\"https:\/\/crtrrj.gov.br\/transparencia\/wp-content\/uploads\/2026\/03\/BALANCO-PATRIMONIAL-COMPARADO-FEVEREIRO-2026.csv\"><strong>BALAN\u00c7O PATRIMONIAL COMPARADO FEVEREIRO 2026<\/strong><\/a><\/p><p><a href=\"https:\/\/crtrrj.gov.br\/transparencia\/wp-content\/uploads\/2026\/03\/BALANCO-PATRIMONIAL-FEVEREIRO-2026.csv\"><strong>BALAN\u00c7O PATRIMONIAL FEVEREIRO 2026<\/strong><\/a><\/p><p><a href=\"https:\/\/crtrrj.gov.br\/transparencia\/wp-content\/uploads\/2026\/03\/COMPARACAO-DA-DESPESA-FEVEREIRO-2026.csv\"><strong>COMPARA\u00c7\u00c3O DA DESPESA FEVEREIRO 2026<\/strong><\/a><\/p><p><a href=\"https:\/\/crtrrj.gov.br\/transparencia\/wp-content\/uploads\/2026\/03\/COMPARACAO-DA-RECEITA-FEVEREIRO-2026.csv\"><strong>COMPARA\u00c7\u00c3O DA RECEITA FEVEREIRO 2026<\/strong><\/a><\/p><p><a href=\"https:\/\/crtrrj.gov.br\/transparencia\/wp-content\/uploads\/2026\/03\/DEMONSTRACAO-DOS-FLUXOS-DE-CAIXA-FEVEREIRO-2026.csv\"><strong>DEMONSTRA\u00c7\u00c3O DOS FLUXOS DE CAIXA FEVEREIRO 2026<\/strong><\/a><\/p><p><a href=\"https:\/\/crtrrj.gov.br\/transparencia\/wp-content\/uploads\/2026\/03\/DVP-VARIACOES-PATRIMONIAIS-FEVEREIRO-2026.csv\"><strong>DVP &#8211; VARIA\u00c7\u00d5ES PATRIMONIAIS FEVEREIRO 2026<\/strong><\/a><\/p><\/div>\n\t\t\t\t\t\t\t<\/div>\n\t\t<\/div>\n\t\t\t\t<\/div>\n\t\t\t\t<\/div>\n\t\t\t\t\t\t<\/div>\n\t\t\t\t\t<\/div>\n\t\t<\/div>\n\t\t\t\t\t\t\t\t<\/div>\n\t\t\t\t\t<\/div>\n\t\t<\/section>\n\t\t\t\t\t\t\t\t\t<\/div>\n\t\t\t<\/div>\n\t\t\t\t\t<\/div>\n\t\t","protected":false},"excerpt":{"rendered":"<p>JANEIRO FEVEREIRO JANEIRO BALAN\u00c7O FINANCEIRO JANEIRO 2026 BALAN\u00c7O OR\u00c7AMENT\u00c1RIO JANEIRO 2026 BALAN\u00c7O PATRIMONIAL COMPARADO JANEIRO 2026 BALAN\u00c7O PATRIMONIAL JANEIRO 2026 COMPARATIVO DA DESPESA JANEIRO 2026 COMPARATIVO DA RECEITA JANEIRO 2026 DFC &#8211; DEMONSTRA\u00c7\u00c3O DOS FLUXOS DE CAIXA JANEIRO 2026 DVP &#8211; VARIA\u00c7\u00d5ES PATRIMONIAIS JANEIRO 2026 FEVEREIRO BALAN\u00c7O FINANCEIRO FEVEREIRO 2026 BALAN\u00c7O OR\u00c7AMENT\u00c1RIO FEVEREIRO 2026 BALAN\u00c7O [&hellip;]<\/p>\n","protected":false},"author":1,"featured_media":0,"parent":0,"menu_order":0,"comment_status":"closed","ping_status":"closed","template":"","meta":{"footnotes":""},"class_list":["post-49042","page","type-page","status-publish","hentry"],"acf":[],"_links":{"self":[{"href":"https:\/\/crtrrj.gov.br\/transparencia\/wp-json\/wp\/v2\/pages\/49042","targetHints":{"allow":["GET"]}}],"collection":[{"href":"https:\/\/crtrrj.gov.br\/transparencia\/wp-json\/wp\/v2\/pages"}],"about":[{"href":"https:\/\/crtrrj.gov.br\/transparencia\/wp-json\/wp\/v2\/types\/page"}],"author":[{"embeddable":true,"href":"https:\/\/crtrrj.gov.br\/transparencia\/wp-json\/wp\/v2\/users\/1"}],"replies":[{"embeddable":true,"href":"https:\/\/crtrrj.gov.br\/transparencia\/wp-json\/wp\/v2\/comments?post=49042"}],"version-history":[{"count":7,"href":"https:\/\/crtrrj.gov.br\/transparencia\/wp-json\/wp\/v2\/pages\/49042\/revisions"}],"predecessor-version":[{"id":49061,"href":"https:\/\/crtrrj.gov.br\/transparencia\/wp-json\/wp\/v2\/pages\/49042\/revisions\/49061"}],"wp:attachment":[{"href":"https:\/\/crtrrj.gov.br\/transparencia\/wp-json\/wp\/v2\/media?parent=49042"}],"curies":[{"name":"wp","href":"https:\/\/api.w.org\/{rel}","templated":true}]}}